{"id":843,"date":"2026-02-21T22:47:30","date_gmt":"2026-02-21T19:47:30","guid":{"rendered":"https:\/\/istanbulkirtasiyefuari.com.tr\/participant-list\/"},"modified":"2026-03-10T21:24:29","modified_gmt":"2026-03-10T18:24:29","slug":"participant-list","status":"publish","type":"page","link":"https:\/\/www.istanbulkirtasiyefuari.com.tr\/en\/participant-list\/","title":{"rendered":"Participant List"},"content":{"rendered":"\n\t<section class=\"section\" id=\"section_1916467988\">\n\t\t<div class=\"section-bg fill\" >\n\t\t\t\t\t\t\t\t\t\n\t\t\t\n\n\t\t<\/div>\n\n\t\t\n\n\t\t<div class=\"section-content relative\">\n\t\t\t\n\t<div class=\"img has-hover show-for-medium hide-for-small x md-x lg-x y md-y lg-y\" id=\"image_112159495\">\n\t\t\t\t\t\t\t\t<div class=\"img-inner image-cover dark\" style=\"padding-top:255px;\">\n\t\t\t<img loading=\"lazy\" decoding=\"async\" width=\"1484\" height=\"390\" src=\"https:\/\/www.istanbulkirtasiyefuari.com.tr\/wp-content\/uploads\/2026\/02\/w_Katilimci-Listesi-ing.jpg\" class=\"attachment-original size-original\" alt=\"\" srcset=\"https:\/\/www.istanbulkirtasiyefuari.com.tr\/wp-content\/uploads\/2026\/02\/w_Katilimci-Listesi-ing.jpg 1484w, https:\/\/www.istanbulkirtasiyefuari.com.tr\/wp-content\/uploads\/2026\/02\/w_Katilimci-Listesi-ing-300x79.jpg 300w, https:\/\/www.istanbulkirtasiyefuari.com.tr\/wp-content\/uploads\/2026\/02\/w_Katilimci-Listesi-ing-1024x269.jpg 1024w, https:\/\/www.istanbulkirtasiyefuari.com.tr\/wp-content\/uploads\/2026\/02\/w_Katilimci-Listesi-ing-768x202.jpg 768w\" sizes=\"auto, (max-width: 1484px) 100vw, 1484px\" \/>\t\t\t\t\t\t\n\t\t\t\t\t<\/div>\n\t\t\t\t\t\t\t\t\n<style>\n#image_112159495 {\n  width: 100%;\n}\n@media (min-width:850px) {\n  #image_112159495 {\n    width: 100%;\n  }\n}\n<\/style>\n\t<\/div>\n\t\n\t<div class=\"img has-hover hide-for-medium x md-x lg-x y md-y lg-y\" id=\"image_741777500\">\n\t\t\t\t\t\t\t\t<div class=\"img-inner image-cover dark\" style=\"padding-top:350px;\">\n\t\t\t<img loading=\"lazy\" decoding=\"async\" width=\"1484\" height=\"390\" src=\"https:\/\/www.istanbulkirtasiyefuari.com.tr\/wp-content\/uploads\/2026\/02\/w_Katilimci-Listesi-ing.jpg\" class=\"attachment-original size-original\" alt=\"\" srcset=\"https:\/\/www.istanbulkirtasiyefuari.com.tr\/wp-content\/uploads\/2026\/02\/w_Katilimci-Listesi-ing.jpg 1484w, https:\/\/www.istanbulkirtasiyefuari.com.tr\/wp-content\/uploads\/2026\/02\/w_Katilimci-Listesi-ing-300x79.jpg 300w, https:\/\/www.istanbulkirtasiyefuari.com.tr\/wp-content\/uploads\/2026\/02\/w_Katilimci-Listesi-ing-1024x269.jpg 1024w, https:\/\/www.istanbulkirtasiyefuari.com.tr\/wp-content\/uploads\/2026\/02\/w_Katilimci-Listesi-ing-768x202.jpg 768w\" sizes=\"auto, (max-width: 1484px) 100vw, 1484px\" \/>\t\t\t\t\t\t\n\t\t\t\t\t<\/div>\n\t\t\t\t\t\t\t\t\n<style>\n#image_741777500 {\n  width: 100%;\n}\n@media (min-width:850px) {\n  #image_741777500 {\n    width: 100%;\n  }\n}\n<\/style>\n\t<\/div>\n\t\n\t<div class=\"img has-hover show-for-small x md-x lg-x y md-y lg-y\" id=\"image_714275556\">\n\t\t\t\t\t\t\t\t<div class=\"img-inner image-cover dark\" style=\"padding-top:130px;\">\n\t\t\t<img loading=\"lazy\" decoding=\"async\" width=\"800\" height=\"1000\" src=\"https:\/\/www.istanbulkirtasiyefuari.com.tr\/wp-content\/uploads\/2026\/02\/m_Katilimci_list_ing.jpg\" class=\"attachment-original size-original\" alt=\"\" srcset=\"https:\/\/www.istanbulkirtasiyefuari.com.tr\/wp-content\/uploads\/2026\/02\/m_Katilimci_list_ing.jpg 800w, https:\/\/www.istanbulkirtasiyefuari.com.tr\/wp-content\/uploads\/2026\/02\/m_Katilimci_list_ing-240x300.jpg 240w, https:\/\/www.istanbulkirtasiyefuari.com.tr\/wp-content\/uploads\/2026\/02\/m_Katilimci_list_ing-768x960.jpg 768w\" sizes=\"auto, (max-width: 800px) 100vw, 800px\" \/>\t\t\t\t\t\t\n\t\t\t\t\t<\/div>\n\t\t\t\t\t\t\t\t\n<style>\n#image_714275556 {\n  width: 100%;\n}\n@media (min-width:550px) {\n  #image_714275556 {\n    width: 30%;\n  }\n}\n<\/style>\n\t<\/div>\n\t\n\t\t<\/div>\n\n\t\t\n<style>\n#section_1916467988 {\n  padding-top: 0px;\n  padding-bottom: 0px;\n}\n<\/style>\n\t<\/section>\n\t\n\n\t<section class=\"section\" id=\"section_69007621\">\n\t\t<div class=\"section-bg fill\" >\n\t\t\t\t\t\t\t\t\t\n\t\t\t\n\n\t\t<\/div>\n\n\t\t\n\n\t\t<div class=\"section-content relative\">\n\t\t\t\n<div class=\"row row-collapse align-middle\"  id=\"row-445054777\">\n\n\t<div id=\"col-610576925\" class=\"col small-12 large-12\"  >\n\t\t\t\t<div class=\"col-inner\"  >\n\t\t\t\n\t\t\t\n  <div class=\"ikf-exhibitors-wrap\">\n\n    <style>\n\/* Filters container *\/\n.ikf-filters-box{\n  border: 1px solid rgba(0,0,0,.12);\n  border-radius: 14px;\n  background: #fff;\n  padding: 10px;\n}\n.ikf-filters-summary{\n  display:flex;\n  align-items:center;\n  justify-content:space-between;\n  cursor:pointer;\n  padding: 10px 8px;\n  list-style:none;\n}\n.ikf-filters-summary::-webkit-details-marker{ display:none; }\n.ikf-filter-title{\n  font-weight: 700;\n  font-size: 16px;\n}\n.ikf-active-filters{\n  display:flex;\n  flex-wrap:wrap;\n  gap:8px;\n  padding: 6px 8px 12px;\n  border-bottom: 1px solid rgba(0,0,0,.08);\n  margin-bottom: 10px;\n}\n.ikf-chip{\n  display:inline-flex;\n  align-items:center;\n  gap:8px;\n  padding:6px 10px;\n  border-radius:999px;\n  border:1px solid rgba(0,0,0,.15);\n  font-size: 13px;\n  text-decoration:none;\n  background:#f7f7f7;\n}\n.ikf-chip-x{ opacity:.7; font-weight:700; }\n.ikf-clear-all{\n  margin-left:auto;\n  font-size: 13px;\n  text-decoration:none;\n  opacity:.85;\n}\n.ikf-filter-block{ padding: 4px 8px 8px; }\n.ikf-filter-label{ font-size: 13px; opacity:.8; margin: 6px 0 10px; }\n.ikf-filter-items{\n  display:grid;\n  grid-template-columns: repeat(2, minmax(0, 1fr));\n  gap:10px;\n}\n.ikf-filter-item{\n  display:block;\n  padding:10px 12px;\n  border-radius: 10px;\n  border:1px solid rgba(0,0,0,.12);\n  text-decoration:none;\n  font-size: 14px;\n  background:#fff;\n}\n.ikf-filter-item.is-active{\n  border-color: rgba(0,0,0,.35);\n  background:#f3f3f3;\n  font-weight:700;\n}\n.ikf-filter-item.ikf-clear{\n  grid-column: 1 \/ -1;\n  text-align:center;\n  opacity:.9;\n}\n@media(max-width: 849px){\n  .ikf-filter-items{ grid-template-columns: 1fr; }\n}\n\n\n\/* Keep main list wide like before *\/\n.ikf-layout{\n  display:grid;\n  grid-template-columns: 280px 1fr;\n  gap: 24px;\n  align-items: start;\n}\n.ikf-filters{ max-width: 280px; }\n.ikf-select{\n  width:100%;\n  height:45px;\n  padding: 0 12px;\n  border-radius: 10px;\n  border: 1px solid rgba(0,0,0,.12);\n  background:#fff;\n}\n.ikf-filter-form{ padding: 0 8px 10px; }\n\n@media(max-width: 849px){\n  .ikf-layout{ grid-template-columns: 1fr; }\n  .ikf-filters{ max-width: none; }\n}\n<\/style>\n\n\n    <div class=\"ikf-exhibitors-head\">\n      <h2 class=\"ikf-page-title\">Participant List<\/h2>\n      <p class=\"ikf-page-desc\">You can access the list of exhibiting companies participating in the Istanbul Stationery Fair below.<\/p>\n    <\/div>\n\n    <!-- \u00dcst bar: Arama + A-Z -->\n    <div class=\"ikf-topbar\">\n      <form class=\"ikf-search\" method=\"get\" action=\"\">\n        <input type=\"text\" name=\"q\" placeholder=\"Search\" value=\"\">\n                        <button type=\"submit\" aria-label=\"Search\">\ud83d\udd0d<\/button>\n      <\/form>\n\n      <div class=\"ikf-az\">\n                  <a class=\"ikf-az-item \"\n             href=\"\/en\/wp-json\/wp\/v2\/pages\/843?letter=A\">A<\/a>\n                  <a class=\"ikf-az-item \"\n             href=\"\/en\/wp-json\/wp\/v2\/pages\/843?letter=B\">B<\/a>\n                  <a class=\"ikf-az-item \"\n             href=\"\/en\/wp-json\/wp\/v2\/pages\/843?letter=C\">C<\/a>\n                  <a class=\"ikf-az-item \"\n             href=\"\/en\/wp-json\/wp\/v2\/pages\/843?letter=\u00c7\">\u00c7<\/a>\n                  <a class=\"ikf-az-item \"\n             href=\"\/en\/wp-json\/wp\/v2\/pages\/843?letter=D\">D<\/a>\n                  <a class=\"ikf-az-item \"\n             href=\"\/en\/wp-json\/wp\/v2\/pages\/843?letter=E\">E<\/a>\n                  <a class=\"ikf-az-item \"\n             href=\"\/en\/wp-json\/wp\/v2\/pages\/843?letter=F\">F<\/a>\n                  <a class=\"ikf-az-item \"\n             href=\"\/en\/wp-json\/wp\/v2\/pages\/843?letter=G\">G<\/a>\n                  <a class=\"ikf-az-item \"\n             href=\"\/en\/wp-json\/wp\/v2\/pages\/843?letter=\u011e\">\u011e<\/a>\n                  <a class=\"ikf-az-item \"\n             href=\"\/en\/wp-json\/wp\/v2\/pages\/843?letter=H\">H<\/a>\n                  <a class=\"ikf-az-item \"\n             href=\"\/en\/wp-json\/wp\/v2\/pages\/843?letter=I\">I<\/a>\n                  <a class=\"ikf-az-item \"\n             href=\"\/en\/wp-json\/wp\/v2\/pages\/843?letter=\u0130\">\u0130<\/a>\n                  <a class=\"ikf-az-item \"\n             href=\"\/en\/wp-json\/wp\/v2\/pages\/843?letter=J\">J<\/a>\n                  <a class=\"ikf-az-item \"\n             href=\"\/en\/wp-json\/wp\/v2\/pages\/843?letter=K\">K<\/a>\n                  <a class=\"ikf-az-item \"\n             href=\"\/en\/wp-json\/wp\/v2\/pages\/843?letter=L\">L<\/a>\n                  <a class=\"ikf-az-item \"\n             href=\"\/en\/wp-json\/wp\/v2\/pages\/843?letter=M\">M<\/a>\n                  <a class=\"ikf-az-item \"\n             href=\"\/en\/wp-json\/wp\/v2\/pages\/843?letter=N\">N<\/a>\n                  <a class=\"ikf-az-item \"\n             href=\"\/en\/wp-json\/wp\/v2\/pages\/843?letter=O\">O<\/a>\n                  <a class=\"ikf-az-item \"\n             href=\"\/en\/wp-json\/wp\/v2\/pages\/843?letter=\u00d6\">\u00d6<\/a>\n                  <a class=\"ikf-az-item \"\n             href=\"\/en\/wp-json\/wp\/v2\/pages\/843?letter=P\">P<\/a>\n                  <a class=\"ikf-az-item \"\n             href=\"\/en\/wp-json\/wp\/v2\/pages\/843?letter=R\">R<\/a>\n                  <a class=\"ikf-az-item \"\n             href=\"\/en\/wp-json\/wp\/v2\/pages\/843?letter=S\">S<\/a>\n                  <a class=\"ikf-az-item \"\n             href=\"\/en\/wp-json\/wp\/v2\/pages\/843?letter=\u015e\">\u015e<\/a>\n                  <a class=\"ikf-az-item \"\n             href=\"\/en\/wp-json\/wp\/v2\/pages\/843?letter=T\">T<\/a>\n                  <a class=\"ikf-az-item \"\n             href=\"\/en\/wp-json\/wp\/v2\/pages\/843?letter=U\">U<\/a>\n                  <a class=\"ikf-az-item \"\n             href=\"\/en\/wp-json\/wp\/v2\/pages\/843?letter=\u00dc\">\u00dc<\/a>\n                  <a class=\"ikf-az-item \"\n             href=\"\/en\/wp-json\/wp\/v2\/pages\/843?letter=V\">V<\/a>\n                  <a class=\"ikf-az-item \"\n             href=\"\/en\/wp-json\/wp\/v2\/pages\/843?letter=Y\">Y<\/a>\n                  <a class=\"ikf-az-item \"\n             href=\"\/en\/wp-json\/wp\/v2\/pages\/843?letter=Z\">Z<\/a>\n                <a class=\"ikf-az-clear\" href=\"\/en\/wp-json\/wp\/v2\/pages\/843\">\u2014<\/a>\n      <\/div>\n    <\/div>\n\n    <div class=\"ikf-layout\">\n      <!-- Sol filtre -->\n      <aside class=\"ikf-filters\">\n\n        \n        <details class=\"ikf-filters-box\" open>\n          <summary class=\"ikf-filters-summary\">\n            <span class=\"ikf-filter-title\">Filters<\/span>\n            <span class=\"ikf-filters-summary-icon\">\u25be<\/span>\n          <\/summary>\n\n          \n          <div class=\"ikf-filter-block\">\n            <div class=\"ikf-filter-label\">Hall No<\/div>\n\n            <form method=\"get\" class=\"ikf-filter-form\">\n                                          <input type=\"hidden\" name=\"paged\" value=\"\">\n\n              <select name=\"hall\" class=\"ikf-select\" onchange=\"this.form.submit()\">\n                <option value=\"\">All<\/option>\n                                      <option value=\"26\" >\n                        1                      <\/option>\n                                            <option value=\"27\" >\n                        3                      <\/option>\n                                    <\/select>\n\n              <noscript>\n                <button type=\"submit\" class=\"button\">Filtrele<\/button>\n              <\/noscript>\n            <\/form>\n          <\/div>\n\n        <\/details>\n      <\/aside>\n\n      <!-- Liste -->\n      <main class=\"ikf-results\">\n                  \n          <article class=\"ikf-item\">\n            <div class=\"ikf-item-left\">\n              <h3 class=\"ikf-company\">\n                <a class=\"ikf-link\" href=\"https:\/\/www.istanbulkirtasiyefuari.com.tr\/katilimcilar\/abka-kirtasiye\/\">\n                  Abka K\u0131rtasiye                <\/a>\n              <\/h3>\n\n                              <div class=\"ikf-meta\">Hall: 1<\/div>\n              \n                              <div class=\"ikf-meta\">Stand No: C3<\/div>\n                          <\/div>\n\n            <div class=\"ikf-item-right\">\n                              <a class=\"ikf-logo ikf-link\" href=\"https:\/\/www.istanbulkirtasiyefuari.com.tr\/katilimcilar\/abka-kirtasiye\/\" aria-label=\"Abka K\u0131rtasiye\">\n                  <img loading=\"lazy\" decoding=\"async\" width=\"300\" height=\"225\" src=\"https:\/\/www.istanbulkirtasiyefuari.com.tr\/wp-content\/uploads\/2026\/02\/abka-300x225.jpg\" class=\"attachment-medium size-medium wp-post-image\" alt=\"\" srcset=\"https:\/\/www.istanbulkirtasiyefuari.com.tr\/wp-content\/uploads\/2026\/02\/abka-300x225.jpg 300w, https:\/\/www.istanbulkirtasiyefuari.com.tr\/wp-content\/uploads\/2026\/02\/abka.jpg 400w\" sizes=\"auto, (max-width: 300px) 100vw, 300px\" \/>                <\/a>\n                          <\/div>\n          <\/article>\n\n          \n          <article class=\"ikf-item\">\n            <div class=\"ikf-item-left\">\n              <h3 class=\"ikf-company\">\n                <a class=\"ikf-link\" href=\"https:\/\/www.istanbulkirtasiyefuari.com.tr\/katilimcilar\/akgun-kirtasiye\/\">\n                  Akg\u00fcn K\u0131rtasiye                <\/a>\n              <\/h3>\n\n                              <div class=\"ikf-meta\">Hall: 1<\/div>\n              \n                              <div class=\"ikf-meta\">Stand No: B6<\/div>\n                          <\/div>\n\n            <div class=\"ikf-item-right\">\n                              <a class=\"ikf-logo ikf-link\" href=\"https:\/\/www.istanbulkirtasiyefuari.com.tr\/katilimcilar\/akgun-kirtasiye\/\" aria-label=\"Akg\u00fcn K\u0131rtasiye\">\n                  <img loading=\"lazy\" decoding=\"async\" width=\"300\" height=\"225\" src=\"https:\/\/www.istanbulkirtasiyefuari.com.tr\/wp-content\/uploads\/2026\/03\/Akgun-300x225.jpg\" class=\"attachment-medium size-medium wp-post-image\" alt=\"\" srcset=\"https:\/\/www.istanbulkirtasiyefuari.com.tr\/wp-content\/uploads\/2026\/03\/Akgun-300x225.jpg 300w, https:\/\/www.istanbulkirtasiyefuari.com.tr\/wp-content\/uploads\/2026\/03\/Akgun.jpg 400w\" sizes=\"auto, (max-width: 300px) 100vw, 300px\" \/>                <\/a>\n                          <\/div>\n          <\/article>\n\n          \n          <article class=\"ikf-item\">\n            <div class=\"ikf-item-left\">\n              <h3 class=\"ikf-company\">\n                <a class=\"ikf-link\" href=\"https:\/\/www.istanbulkirtasiyefuari.com.tr\/katilimcilar\/akyol-defter\/\">\n                  Akyol Defter                <\/a>\n              <\/h3>\n\n                              <div class=\"ikf-meta\">Hall: 1<\/div>\n              \n                              <div class=\"ikf-meta\">Stand No: F7<\/div>\n                          <\/div>\n\n            <div class=\"ikf-item-right\">\n                              <a class=\"ikf-logo ikf-link\" href=\"https:\/\/www.istanbulkirtasiyefuari.com.tr\/katilimcilar\/akyol-defter\/\" aria-label=\"Akyol Defter\">\n                  <img loading=\"lazy\" decoding=\"async\" width=\"300\" height=\"225\" src=\"https:\/\/www.istanbulkirtasiyefuari.com.tr\/wp-content\/uploads\/2026\/02\/akyol_defter-300x225.jpg\" class=\"attachment-medium size-medium wp-post-image\" alt=\"\" srcset=\"https:\/\/www.istanbulkirtasiyefuari.com.tr\/wp-content\/uploads\/2026\/02\/akyol_defter-300x225.jpg 300w, https:\/\/www.istanbulkirtasiyefuari.com.tr\/wp-content\/uploads\/2026\/02\/akyol_defter.jpg 400w\" sizes=\"auto, (max-width: 300px) 100vw, 300px\" \/>                <\/a>\n                          <\/div>\n          <\/article>\n\n          \n          <article class=\"ikf-item\">\n            <div class=\"ikf-item-left\">\n              <h3 class=\"ikf-company\">\n                <a class=\"ikf-link\" href=\"https:\/\/www.istanbulkirtasiyefuari.com.tr\/katilimcilar\/alp-canta\/\">\n                  Alp \u00c7anta                <\/a>\n              <\/h3>\n\n                              <div class=\"ikf-meta\">Hall: 1<\/div>\n              \n                              <div class=\"ikf-meta\">Stand No: F5\/B<\/div>\n                          <\/div>\n\n            <div class=\"ikf-item-right\">\n                              <a class=\"ikf-logo ikf-link\" href=\"https:\/\/www.istanbulkirtasiyefuari.com.tr\/katilimcilar\/alp-canta\/\" aria-label=\"Alp \u00c7anta\">\n                  <img loading=\"lazy\" decoding=\"async\" width=\"300\" height=\"225\" src=\"https:\/\/www.istanbulkirtasiyefuari.com.tr\/wp-content\/uploads\/2026\/04\/Alpcanta-300x225.jpg\" class=\"attachment-medium size-medium wp-post-image\" alt=\"\" srcset=\"https:\/\/www.istanbulkirtasiyefuari.com.tr\/wp-content\/uploads\/2026\/04\/Alpcanta-300x225.jpg 300w, https:\/\/www.istanbulkirtasiyefuari.com.tr\/wp-content\/uploads\/2026\/04\/Alpcanta.jpg 400w\" sizes=\"auto, (max-width: 300px) 100vw, 300px\" \/>                <\/a>\n                          <\/div>\n          <\/article>\n\n          \n          <article class=\"ikf-item\">\n            <div class=\"ikf-item-left\">\n              <h3 class=\"ikf-company\">\n                <a class=\"ikf-link\" href=\"https:\/\/www.istanbulkirtasiyefuari.com.tr\/katilimcilar\/avrasya-kirtasiye\/\">\n                  Avrasya K\u0131rtasiye                <\/a>\n              <\/h3>\n\n                              <div class=\"ikf-meta\">Hall: 3<\/div>\n              \n                              <div class=\"ikf-meta\">Stand No: B8<\/div>\n                          <\/div>\n\n            <div class=\"ikf-item-right\">\n                              <a class=\"ikf-logo ikf-link\" href=\"https:\/\/www.istanbulkirtasiyefuari.com.tr\/katilimcilar\/avrasya-kirtasiye\/\" aria-label=\"Avrasya K\u0131rtasiye\">\n                  <img loading=\"lazy\" decoding=\"async\" width=\"300\" height=\"225\" src=\"https:\/\/www.istanbulkirtasiyefuari.com.tr\/wp-content\/uploads\/2026\/02\/Avrasya-Kirtasiye-300x225.jpg\" class=\"attachment-medium size-medium wp-post-image\" alt=\"\" srcset=\"https:\/\/www.istanbulkirtasiyefuari.com.tr\/wp-content\/uploads\/2026\/02\/Avrasya-Kirtasiye-300x225.jpg 300w, https:\/\/www.istanbulkirtasiyefuari.com.tr\/wp-content\/uploads\/2026\/02\/Avrasya-Kirtasiye.jpg 400w\" sizes=\"auto, (max-width: 300px) 100vw, 300px\" \/>                <\/a>\n                          <\/div>\n          <\/article>\n\n          \n          <article class=\"ikf-item\">\n            <div class=\"ikf-item-left\">\n              <h3 class=\"ikf-company\">\n                <a class=\"ikf-link\" href=\"https:\/\/www.istanbulkirtasiyefuari.com.tr\/katilimcilar\/azolab-laboratuvar\/\">\n                  Azolab                <\/a>\n              <\/h3>\n\n                              <div class=\"ikf-meta\">Hall: 3<\/div>\n              \n                              <div class=\"ikf-meta\">Stand No: A10<\/div>\n                          <\/div>\n\n            <div class=\"ikf-item-right\">\n                              <a class=\"ikf-logo ikf-link\" href=\"https:\/\/www.istanbulkirtasiyefuari.com.tr\/katilimcilar\/azolab-laboratuvar\/\" aria-label=\"Azolab\">\n                  <img loading=\"lazy\" decoding=\"async\" width=\"300\" height=\"225\" src=\"https:\/\/www.istanbulkirtasiyefuari.com.tr\/wp-content\/uploads\/2026\/03\/Azolab-300x225.jpg\" class=\"attachment-medium size-medium wp-post-image\" alt=\"\" srcset=\"https:\/\/www.istanbulkirtasiyefuari.com.tr\/wp-content\/uploads\/2026\/03\/Azolab-300x225.jpg 300w, https:\/\/www.istanbulkirtasiyefuari.com.tr\/wp-content\/uploads\/2026\/03\/Azolab.jpg 400w\" sizes=\"auto, (max-width: 300px) 100vw, 300px\" \/>                <\/a>\n                          <\/div>\n          <\/article>\n\n          \n          <article class=\"ikf-item\">\n            <div class=\"ikf-item-left\">\n              <h3 class=\"ikf-company\">\n                <a class=\"ikf-link\" href=\"https:\/\/www.istanbulkirtasiyefuari.com.tr\/katilimcilar\/bam-hediyelik\/\">\n                  Bam Hediyelik                <\/a>\n              <\/h3>\n\n                              <div class=\"ikf-meta\">Hall: 1<\/div>\n              \n                              <div class=\"ikf-meta\">Stand No: G5<\/div>\n                          <\/div>\n\n            <div class=\"ikf-item-right\">\n                              <a class=\"ikf-logo ikf-link\" href=\"https:\/\/www.istanbulkirtasiyefuari.com.tr\/katilimcilar\/bam-hediyelik\/\" aria-label=\"Bam Hediyelik\">\n                  <img loading=\"lazy\" decoding=\"async\" width=\"300\" height=\"225\" src=\"https:\/\/www.istanbulkirtasiyefuari.com.tr\/wp-content\/uploads\/2026\/03\/bam-300x225.jpg\" class=\"attachment-medium size-medium wp-post-image\" alt=\"\" srcset=\"https:\/\/www.istanbulkirtasiyefuari.com.tr\/wp-content\/uploads\/2026\/03\/bam-300x225.jpg 300w, https:\/\/www.istanbulkirtasiyefuari.com.tr\/wp-content\/uploads\/2026\/03\/bam.jpg 400w\" sizes=\"auto, (max-width: 300px) 100vw, 300px\" \/>                <\/a>\n                          <\/div>\n          <\/article>\n\n          \n          <article class=\"ikf-item\">\n            <div class=\"ikf-item-left\">\n              <h3 class=\"ikf-company\">\n                <a class=\"ikf-link\" href=\"https:\/\/www.istanbulkirtasiyefuari.com.tr\/katilimcilar\/besyildizlar-plastik\/\">\n                  Be\u015fy\u0131ld\u0131zlar Plastik                <\/a>\n              <\/h3>\n\n                              <div class=\"ikf-meta\">Hall: 1<\/div>\n              \n                              <div class=\"ikf-meta\">Stand No: A2\/B<\/div>\n                          <\/div>\n\n            <div class=\"ikf-item-right\">\n                          <\/div>\n          <\/article>\n\n          \n          <!-- Pagination -->\n          <div class=\"ikf-pagination\">\n            <ul class='page-numbers'>\n\t<li><span aria-current=\"page\" class=\"page-numbers current\">1<\/span><\/li>\n\t<li><a class=\"page-numbers\" href=\"\/en\/wp-json\/wp\/v2\/pages\/843?paged=2\">2<\/a><\/li>\n\t<li><a class=\"page-numbers\" href=\"\/en\/wp-json\/wp\/v2\/pages\/843?paged=3\">3<\/a><\/li>\n\t<li><span class=\"page-numbers dots\">&hellip;<\/span><\/li>\n\t<li><a class=\"page-numbers\" href=\"\/en\/wp-json\/wp\/v2\/pages\/843?paged=12\">12<\/a><\/li>\n\t<li><a class=\"next page-numbers\" href=\"\/en\/wp-json\/wp\/v2\/pages\/843?paged=2\">\u203a<\/a><\/li>\n<\/ul>\n          <\/div>\n\n              <\/main>\n    <\/div>\n\n  <\/div>\n  \n\t\t<\/div>\n\t\t\t\t\t<\/div>\n\n\t\n<\/div>\n\t\t<\/div>\n\n\t\t\n<style>\n#section_69007621 {\n  padding-top: 30px;\n  padding-bottom: 30px;\n}\n<\/style>\n\t<\/section>\n\t\n","protected":false},"excerpt":{"rendered":"","protected":false},"author":1,"featured_media":0,"parent":0,"menu_order":0,"comment_status":"closed","ping_status":"closed","template":"page-blank.php","meta":{"_acf_changed":false,"footnotes":""},"class_list":["post-843","page","type-page","status-publish","hentry"],"acf":[],"_links":{"self":[{"href":"https:\/\/www.istanbulkirtasiyefuari.com.tr\/en\/wp-json\/wp\/v2\/pages\/843","targetHints":{"allow":["GET"]}}],"collection":[{"href":"https:\/\/www.istanbulkirtasiyefuari.com.tr\/en\/wp-json\/wp\/v2\/pages"}],"about":[{"href":"https:\/\/www.istanbulkirtasiyefuari.com.tr\/en\/wp-json\/wp\/v2\/types\/page"}],"author":[{"embeddable":true,"href":"https:\/\/www.istanbulkirtasiyefuari.com.tr\/en\/wp-json\/wp\/v2\/users\/1"}],"replies":[{"embeddable":true,"href":"https:\/\/www.istanbulkirtasiyefuari.com.tr\/en\/wp-json\/wp\/v2\/comments?post=843"}],"version-history":[{"count":17,"href":"https:\/\/www.istanbulkirtasiyefuari.com.tr\/en\/wp-json\/wp\/v2\/pages\/843\/revisions"}],"predecessor-version":[{"id":1125,"href":"https:\/\/www.istanbulkirtasiyefuari.com.tr\/en\/wp-json\/wp\/v2\/pages\/843\/revisions\/1125"}],"wp:attachment":[{"href":"https:\/\/www.istanbulkirtasiyefuari.com.tr\/en\/wp-json\/wp\/v2\/media?parent=843"}],"curies":[{"name":"wp","href":"https:\/\/api.w.org\/{rel}","templated":true}]}}