{"id":820,"date":"2026-02-19T21:35:39","date_gmt":"2026-02-19T18:35:39","guid":{"rendered":"https:\/\/istanbulkirtasiyefuari.com.tr\/press\/"},"modified":"2026-03-01T16:44:13","modified_gmt":"2026-03-01T13:44:13","slug":"press","status":"publish","type":"page","link":"https:\/\/www.istanbulkirtasiyefuari.com.tr\/en\/press\/","title":{"rendered":"Press"},"content":{"rendered":"\n\t<section class=\"section\" id=\"section_73437972\">\n\t\t<div class=\"section-bg fill\" >\n\t\t\t\t\t\t\t\t\t\n\t\t\t\n\n\t\t<\/div>\n\n\t\t\n\n\t\t<div class=\"section-content relative\">\n\t\t\t\n\t<div class=\"img has-hover show-for-medium hide-for-small x md-x lg-x y md-y lg-y\" id=\"image_502731805\">\n\t\t\t\t\t\t\t\t<div class=\"img-inner image-cover dark\" style=\"padding-top:255px;\">\n\t\t\t<img loading=\"lazy\" decoding=\"async\" width=\"1484\" height=\"390\" src=\"https:\/\/www.istanbulkirtasiyefuari.com.tr\/wp-content\/uploads\/2026\/02\/w_basin_merkezi_en.jpg\" class=\"attachment-original size-original\" alt=\"\" srcset=\"https:\/\/www.istanbulkirtasiyefuari.com.tr\/wp-content\/uploads\/2026\/02\/w_basin_merkezi_en.jpg 1484w, https:\/\/www.istanbulkirtasiyefuari.com.tr\/wp-content\/uploads\/2026\/02\/w_basin_merkezi_en-300x79.jpg 300w, https:\/\/www.istanbulkirtasiyefuari.com.tr\/wp-content\/uploads\/2026\/02\/w_basin_merkezi_en-1024x269.jpg 1024w, https:\/\/www.istanbulkirtasiyefuari.com.tr\/wp-content\/uploads\/2026\/02\/w_basin_merkezi_en-768x202.jpg 768w\" sizes=\"auto, (max-width: 1484px) 100vw, 1484px\" \/>\t\t\t\t\t\t\n\t\t\t\t\t<\/div>\n\t\t\t\t\t\t\t\t\n<style>\n#image_502731805 {\n  width: 100%;\n}\n@media (min-width:850px) {\n  #image_502731805 {\n    width: 100%;\n  }\n}\n<\/style>\n\t<\/div>\n\t\n\t<div class=\"img has-hover hide-for-medium x md-x lg-x y md-y lg-y\" id=\"image_1623122246\">\n\t\t\t\t\t\t\t\t<div class=\"img-inner image-cover dark\" style=\"padding-top:350px;\">\n\t\t\t<img loading=\"lazy\" decoding=\"async\" width=\"1484\" height=\"390\" src=\"https:\/\/www.istanbulkirtasiyefuari.com.tr\/wp-content\/uploads\/2026\/02\/w_basin_merkezi_en.jpg\" class=\"attachment-original size-original\" alt=\"\" srcset=\"https:\/\/www.istanbulkirtasiyefuari.com.tr\/wp-content\/uploads\/2026\/02\/w_basin_merkezi_en.jpg 1484w, https:\/\/www.istanbulkirtasiyefuari.com.tr\/wp-content\/uploads\/2026\/02\/w_basin_merkezi_en-300x79.jpg 300w, https:\/\/www.istanbulkirtasiyefuari.com.tr\/wp-content\/uploads\/2026\/02\/w_basin_merkezi_en-1024x269.jpg 1024w, https:\/\/www.istanbulkirtasiyefuari.com.tr\/wp-content\/uploads\/2026\/02\/w_basin_merkezi_en-768x202.jpg 768w\" sizes=\"auto, (max-width: 1484px) 100vw, 1484px\" \/>\t\t\t\t\t\t\n\t\t\t\t\t<\/div>\n\t\t\t\t\t\t\t\t\n<style>\n#image_1623122246 {\n  width: 100%;\n}\n@media (min-width:850px) {\n  #image_1623122246 {\n    width: 100%;\n  }\n}\n<\/style>\n\t<\/div>\n\t\n\t<div class=\"img has-hover show-for-small x md-x lg-x y md-y lg-y\" id=\"image_1445271825\">\n\t\t\t\t\t\t\t\t<div class=\"img-inner image-cover dark\" style=\"padding-top:130px;\">\n\t\t\t<img loading=\"lazy\" decoding=\"async\" width=\"800\" height=\"1000\" src=\"https:\/\/www.istanbulkirtasiyefuari.com.tr\/wp-content\/uploads\/2026\/02\/m_basin_merkezi_enjpg.jpg\" class=\"attachment-original size-original\" alt=\"\" srcset=\"https:\/\/www.istanbulkirtasiyefuari.com.tr\/wp-content\/uploads\/2026\/02\/m_basin_merkezi_enjpg.jpg 800w, https:\/\/www.istanbulkirtasiyefuari.com.tr\/wp-content\/uploads\/2026\/02\/m_basin_merkezi_enjpg-240x300.jpg 240w, https:\/\/www.istanbulkirtasiyefuari.com.tr\/wp-content\/uploads\/2026\/02\/m_basin_merkezi_enjpg-768x960.jpg 768w\" sizes=\"auto, (max-width: 800px) 100vw, 800px\" \/>\t\t\t\t\t\t\n\t\t\t\t\t<\/div>\n\t\t\t\t\t\t\t\t\n<style>\n#image_1445271825 {\n  width: 100%;\n}\n@media (min-width:550px) {\n  #image_1445271825 {\n    width: 30%;\n  }\n}\n<\/style>\n\t<\/div>\n\t\n\t\t<\/div>\n\n\t\t\n<style>\n#section_73437972 {\n  padding-top: 0px;\n  padding-bottom: 0px;\n}\n<\/style>\n\t<\/section>\n\t\n\n\t<section class=\"section\" id=\"section_1325830332\">\n\t\t<div class=\"section-bg fill\" >\n\t\t\t\t\t\t\t\t\t\n\t\t\t\n\n\t\t<\/div>\n\n\t\t\n\n\t\t<div class=\"section-content relative\">\n\t\t\t\n\t<div id=\"gap-2052492510\" class=\"gap-element clearfix\" style=\"display:block; height:auto;\">\n\t\t\n<style>\n#gap-2052492510 {\n  padding-top: 30px;\n}\n@media (min-width:550px) {\n  #gap-2052492510 {\n    padding-top: 60px;\n  }\n}\n<\/style>\n\t<\/div>\n\t\n<div class=\"row align-center\"  id=\"row-711779538\">\n\n\t<div id=\"col-1682716073\" class=\"col small-12 large-12\"  >\n\t\t\t\t<div class=\"col-inner\"  >\n\t\t\t\n\t\t\t\n\t<div id=\"text-3340063051\" class=\"text\">\n\t\t\n<h2><span style=\"font-size: 90%;\">Press Center<\/span><\/h2>\n<p class=\"p1\">In this section, you can access press releases, announcements, and official statements related to the Istanbul Stationery Fair. Up-to-date content and downloadable documents prepared for the fair are shared here.<\/p>\n\t\t\n<style>\n#text-3340063051 {\n  font-size: 1.2rem;\n  color: rgb(0, 0, 0);\n}\n#text-3340063051 > * {\n  color: rgb(0, 0, 0);\n}\n<\/style>\n\t<\/div>\n\t\n<div class=\"row row-full-width align-middle align-center\"  id=\"row-1386659130\">\n\n\t<div id=\"col-326340076\" class=\"col medium-2 small-10 large-2\"  >\n\t\t\t\t<div class=\"col-inner text-left\"  >\n\t\t\t\n\t\t\t\n\t<div id=\"text-3279968920\" class=\"text\">\n\t\t\n<p>Logos<\/p>\n\t\t\n<style>\n#text-3279968920 {\n  font-size: 1.5rem;\n  text-align: left;\n}\n<\/style>\n\t<\/div>\n\t\n\t\t<\/div>\n\t\t\t\t\n<style>\n#col-326340076 > .col-inner {\n  margin: 0px 0px -55px 0px;\n}\n@media (min-width:550px) {\n  #col-326340076 > .col-inner {\n    margin: 0px 0px -50px 0px;\n  }\n}\n<\/style>\n\t<\/div>\n\n\t\n\n\t<div id=\"col-2135831069\" class=\"col medium-10 large-10\"  >\n\t\t\t\t<div class=\"col-inner\"  >\n\t\t\t\n\t\t\t\n<div class=\"row\"  id=\"row-461726755\">\n\n\t<div id=\"col-676321664\" class=\"col medium-2 small-6 large-2\"  >\n\t\t\t\t<div class=\"col-inner\"  >\n\t\t\t\n\t\t\t\n\t<div class=\"img has-hover x md-x lg-x y md-y lg-y\" id=\"image_1444438180\">\n\t\t<a class=\"\" href=\"\/wp-content\/uploads\/2026\/02\/ikf_logo_tr.pdf\" target=\"_blank\" rel=\"noopener\" >\t\t\t\t\t\t<div class=\"img-inner dark\" >\n\t\t\t<img loading=\"lazy\" decoding=\"async\" width=\"1000\" height=\"1000\" src=\"https:\/\/www.istanbulkirtasiyefuari.com.tr\/wp-content\/uploads\/2026\/02\/Basin_ikf_tr.jpg\" class=\"attachment-original size-original\" alt=\"\" srcset=\"https:\/\/www.istanbulkirtasiyefuari.com.tr\/wp-content\/uploads\/2026\/02\/Basin_ikf_tr.jpg 1000w, https:\/\/www.istanbulkirtasiyefuari.com.tr\/wp-content\/uploads\/2026\/02\/Basin_ikf_tr-300x300.jpg 300w, https:\/\/www.istanbulkirtasiyefuari.com.tr\/wp-content\/uploads\/2026\/02\/Basin_ikf_tr-150x150.jpg 150w, https:\/\/www.istanbulkirtasiyefuari.com.tr\/wp-content\/uploads\/2026\/02\/Basin_ikf_tr-768x768.jpg 768w\" sizes=\"auto, (max-width: 1000px) 100vw, 1000px\" \/>\t\t\t\t\t\t\n\t\t\t\t\t<\/div>\n\t\t\t\t\t\t<\/a>\t\t\n<style>\n#image_1444438180 {\n  width: 100%;\n}\n<\/style>\n\t<\/div>\n\t\n\t\t<\/div>\n\t\t\t\t\n<style>\n#col-676321664 > .col-inner {\n  margin: 0px 0px -50px 0px;\n}\n<\/style>\n\t<\/div>\n\n\t\n\n\t<div id=\"col-810579235\" class=\"col medium-2 small-6 large-2\"  >\n\t\t\t\t<div class=\"col-inner\"  >\n\t\t\t\n\t\t\t\n\t<div class=\"img has-hover x md-x lg-x y md-y lg-y\" id=\"image_272939840\">\n\t\t<a class=\"\" href=\"http:\/\/istanbulkirtasiyefuari.com.tr\/wp-content\/uploads\/2026\/02\/ikf_logo_en.pdf\" target=\"_blank\" rel=\"noopener\" >\t\t\t\t\t\t<div class=\"img-inner dark\" >\n\t\t\t<img loading=\"lazy\" decoding=\"async\" width=\"1000\" height=\"1000\" src=\"https:\/\/www.istanbulkirtasiyefuari.com.tr\/wp-content\/uploads\/2026\/02\/Basin_ikf_en.jpg\" class=\"attachment-large size-large\" alt=\"Konaklama Kay\u0131t Formu\" srcset=\"https:\/\/www.istanbulkirtasiyefuari.com.tr\/wp-content\/uploads\/2026\/02\/Basin_ikf_en.jpg 1000w, https:\/\/www.istanbulkirtasiyefuari.com.tr\/wp-content\/uploads\/2026\/02\/Basin_ikf_en-300x300.jpg 300w, https:\/\/www.istanbulkirtasiyefuari.com.tr\/wp-content\/uploads\/2026\/02\/Basin_ikf_en-150x150.jpg 150w, https:\/\/www.istanbulkirtasiyefuari.com.tr\/wp-content\/uploads\/2026\/02\/Basin_ikf_en-768x768.jpg 768w\" sizes=\"auto, (max-width: 1000px) 100vw, 1000px\" \/>\t\t\t\t\t\t\n\t\t\t\t\t<\/div>\n\t\t\t\t\t\t<\/a>\t\t\n<style>\n#image_272939840 {\n  width: 100%;\n}\n<\/style>\n\t<\/div>\n\t\n\t\t<\/div>\n\t\t\t\t\t<\/div>\n\n\t\n\n\t<div id=\"col-1713275479\" class=\"col medium-2 small-6 large-2\"  >\n\t\t\t\t<div class=\"col-inner\"  >\n\t\t\t\n\t\t\t\n\t<div class=\"img has-hover x md-x lg-x y md-y lg-y\" id=\"image_2057156883\">\n\t\t<a class=\"\" href=\"http:\/\/istanbulkirtasiyefuari.com.tr\/wp-content\/uploads\/2026\/02\/24Saat_fuar_logo.pdf\" target=\"_blank\" rel=\"noopener\" >\t\t\t\t\t\t<div class=\"img-inner dark\" >\n\t\t\t<img loading=\"lazy\" decoding=\"async\" width=\"1000\" height=\"1000\" src=\"https:\/\/www.istanbulkirtasiyefuari.com.tr\/wp-content\/uploads\/2026\/02\/Basin_24Saat_tr.jpg\" class=\"attachment-large size-large\" alt=\"\" srcset=\"https:\/\/www.istanbulkirtasiyefuari.com.tr\/wp-content\/uploads\/2026\/02\/Basin_24Saat_tr.jpg 1000w, https:\/\/www.istanbulkirtasiyefuari.com.tr\/wp-content\/uploads\/2026\/02\/Basin_24Saat_tr-300x300.jpg 300w, https:\/\/www.istanbulkirtasiyefuari.com.tr\/wp-content\/uploads\/2026\/02\/Basin_24Saat_tr-150x150.jpg 150w, https:\/\/www.istanbulkirtasiyefuari.com.tr\/wp-content\/uploads\/2026\/02\/Basin_24Saat_tr-768x768.jpg 768w\" sizes=\"auto, (max-width: 1000px) 100vw, 1000px\" \/>\t\t\t\t\t\t\n\t\t\t\t\t<\/div>\n\t\t\t\t\t\t<\/a>\t\t\n<style>\n#image_2057156883 {\n  width: 100%;\n}\n<\/style>\n\t<\/div>\n\t\n\t\t<\/div>\n\t\t\t\t\t<\/div>\n\n\t\n\n\t<div id=\"col-866181661\" class=\"col medium-2 small-6 large-2\"  >\n\t\t\t\t<div class=\"col-inner\"  >\n\t\t\t\n\t\t\t\n\t<div class=\"img has-hover x md-x lg-x y md-y lg-y\" id=\"image_239010900\">\n\t\t<a class=\"\" href=\"http:\/\/istanbulkirtasiyefuari.com.tr\/wp-content\/uploads\/2026\/02\/tukid_logo.pdf\" target=\"_blank\" rel=\"noopener\" >\t\t\t\t\t\t<div class=\"img-inner dark\" >\n\t\t\t<img loading=\"lazy\" decoding=\"async\" width=\"1000\" height=\"1000\" src=\"https:\/\/www.istanbulkirtasiyefuari.com.tr\/wp-content\/uploads\/2026\/02\/Basin_tukid_tr.jpg\" class=\"attachment-large size-large\" alt=\"\" srcset=\"https:\/\/www.istanbulkirtasiyefuari.com.tr\/wp-content\/uploads\/2026\/02\/Basin_tukid_tr.jpg 1000w, https:\/\/www.istanbulkirtasiyefuari.com.tr\/wp-content\/uploads\/2026\/02\/Basin_tukid_tr-300x300.jpg 300w, https:\/\/www.istanbulkirtasiyefuari.com.tr\/wp-content\/uploads\/2026\/02\/Basin_tukid_tr-150x150.jpg 150w, https:\/\/www.istanbulkirtasiyefuari.com.tr\/wp-content\/uploads\/2026\/02\/Basin_tukid_tr-768x768.jpg 768w\" sizes=\"auto, (max-width: 1000px) 100vw, 1000px\" \/>\t\t\t\t\t\t\n\t\t\t\t\t<\/div>\n\t\t\t\t\t\t<\/a>\t\t\n<style>\n#image_239010900 {\n  width: 100%;\n}\n<\/style>\n\t<\/div>\n\t\n\t\t<\/div>\n\t\t\t\t\t<\/div>\n\n\t\n\n\t<div id=\"col-1427529339\" class=\"col medium-2 small-6 large-2\"  >\n\t\t\t\t<div class=\"col-inner\"  >\n\t\t\t\n\t\t\t\n\t<div class=\"img has-hover x md-x lg-x y md-y lg-y\" id=\"image_1846390366\">\n\t\t<a class=\"\" href=\"http:\/\/istanbulkirtasiyefuari.com.tr\/wp-content\/uploads\/2026\/02\/LogoTr.zip\" target=\"_blank\" rel=\"noopener\" >\t\t\t\t\t\t<div class=\"img-inner dark\" >\n\t\t\t<img loading=\"lazy\" decoding=\"async\" width=\"1000\" height=\"1000\" src=\"https:\/\/www.istanbulkirtasiyefuari.com.tr\/wp-content\/uploads\/2026\/02\/Basin_tobb_tr.jpg\" class=\"attachment-large size-large\" alt=\"\" srcset=\"https:\/\/www.istanbulkirtasiyefuari.com.tr\/wp-content\/uploads\/2026\/02\/Basin_tobb_tr.jpg 1000w, https:\/\/www.istanbulkirtasiyefuari.com.tr\/wp-content\/uploads\/2026\/02\/Basin_tobb_tr-300x300.jpg 300w, https:\/\/www.istanbulkirtasiyefuari.com.tr\/wp-content\/uploads\/2026\/02\/Basin_tobb_tr-150x150.jpg 150w, https:\/\/www.istanbulkirtasiyefuari.com.tr\/wp-content\/uploads\/2026\/02\/Basin_tobb_tr-768x768.jpg 768w\" sizes=\"auto, (max-width: 1000px) 100vw, 1000px\" \/>\t\t\t\t\t\t\n\t\t\t\t\t<\/div>\n\t\t\t\t\t\t<\/a>\t\t\n<style>\n#image_1846390366 {\n  width: 100%;\n}\n<\/style>\n\t<\/div>\n\t\n\t\t<\/div>\n\t\t\t\t\t<\/div>\n\n\t\n\n\t<div id=\"col-430803954\" class=\"col medium-2 small-6 large-2\"  >\n\t\t\t\t<div class=\"col-inner\"  >\n\t\t\t\n\t\t\t\n\t<div class=\"img has-hover x md-x lg-x y md-y lg-y\" id=\"image_2114626312\">\n\t\t<a class=\"\" href=\"http:\/\/istanbulkirtasiyefuari.com.tr\/wp-content\/uploads\/2026\/02\/ifm_logo_big.jpeg\" target=\"_blank\" rel=\"noopener\" >\t\t\t\t\t\t<div class=\"img-inner dark\" >\n\t\t\t<img loading=\"lazy\" decoding=\"async\" width=\"1000\" height=\"1000\" src=\"https:\/\/www.istanbulkirtasiyefuari.com.tr\/wp-content\/uploads\/2026\/02\/Basin_ifm_tr.jpg\" class=\"attachment-large size-large\" alt=\"\" srcset=\"https:\/\/www.istanbulkirtasiyefuari.com.tr\/wp-content\/uploads\/2026\/02\/Basin_ifm_tr.jpg 1000w, https:\/\/www.istanbulkirtasiyefuari.com.tr\/wp-content\/uploads\/2026\/02\/Basin_ifm_tr-300x300.jpg 300w, https:\/\/www.istanbulkirtasiyefuari.com.tr\/wp-content\/uploads\/2026\/02\/Basin_ifm_tr-150x150.jpg 150w, https:\/\/www.istanbulkirtasiyefuari.com.tr\/wp-content\/uploads\/2026\/02\/Basin_ifm_tr-768x768.jpg 768w\" sizes=\"auto, (max-width: 1000px) 100vw, 1000px\" \/>\t\t\t\t\t\t\n\t\t\t\t\t<\/div>\n\t\t\t\t\t\t<\/a>\t\t\n<style>\n#image_2114626312 {\n  width: 100%;\n}\n<\/style>\n\t<\/div>\n\t\n\t\t<\/div>\n\t\t\t\t\t<\/div>\n\n\t\n<\/div>\n\t\t<\/div>\n\t\t\t\t\t<\/div>\n\n\t\n<\/div>\n<div class=\"is-divider divider clearfix\" style=\"max-width:100%;height:1px;background-color:rgb(0, 0, 0);\"><\/div>\n<div class=\"row row-full-width align-middle align-center\"  id=\"row-715026434\">\n\n\t<div id=\"col-1444344701\" class=\"col medium-2 small-11 large-2\"  >\n\t\t\t\t<div class=\"col-inner text-left\"  >\n\t\t\t\n\t\t\t\n\t<div id=\"text-713551540\" class=\"text\">\n\t\t\n<p>Brochures<\/p>\n\t\t\n<style>\n#text-713551540 {\n  font-size: 1.5rem;\n  text-align: left;\n}\n<\/style>\n\t<\/div>\n\t\n\t\t<\/div>\n\t\t\t\t\n<style>\n#col-1444344701 > .col-inner {\n  margin: 0px 0px -55px 0px;\n}\n<\/style>\n\t<\/div>\n\n\t\n\n\t<div id=\"col-1256238635\" class=\"col medium-10 large-10\"  >\n\t\t\t\t<div class=\"col-inner\"  >\n\t\t\t\n\t\t\t\n<div class=\"row\"  id=\"row-638233419\">\n\n\t<div id=\"col-2040368022\" class=\"col medium-2 small-6 large-2\"  >\n\t\t\t\t<div class=\"col-inner\"  >\n\t\t\t\n\t\t\t\n\t<div class=\"img has-hover x md-x lg-x y md-y lg-y\" id=\"image_964195375\">\n\t\t<a class=\"\" href=\"http:\/\/istanbulkirtasiyefuari.com.tr\/wp-content\/uploads\/2026\/02\/brosur_tr.pdf\" target=\"_blank\" rel=\"noopener\" >\t\t\t\t\t\t<div class=\"img-inner dark\" >\n\t\t\t<img loading=\"lazy\" decoding=\"async\" width=\"520\" height=\"725\" src=\"https:\/\/www.istanbulkirtasiyefuari.com.tr\/wp-content\/uploads\/2026\/02\/afis_tr.jpg\" class=\"attachment-original size-original\" alt=\"\" srcset=\"https:\/\/www.istanbulkirtasiyefuari.com.tr\/wp-content\/uploads\/2026\/02\/afis_tr.jpg 520w, https:\/\/www.istanbulkirtasiyefuari.com.tr\/wp-content\/uploads\/2026\/02\/afis_tr-215x300.jpg 215w\" sizes=\"auto, (max-width: 520px) 100vw, 520px\" \/>\t\t\t\t\t\t\n\t\t\t\t\t<\/div>\n\t\t\t\t\t\t<\/a>\t\t\n<style>\n#image_964195375 {\n  width: 100%;\n}\n<\/style>\n\t<\/div>\n\t\n\t\t<\/div>\n\t\t\t\t\t<\/div>\n\n\t\n\n\t<div id=\"col-1444788577\" class=\"col medium-2 small-6 large-2\"  >\n\t\t\t\t<div class=\"col-inner\"  >\n\t\t\t\n\t\t\t\n\t<div class=\"img has-hover x md-x lg-x y md-y lg-y\" id=\"image_1694600226\">\n\t\t<a class=\"\" href=\"http:\/\/istanbulkirtasiyefuari.com.tr\/wp-content\/uploads\/2026\/02\/brosur_ing.pdf\" target=\"_blank\" rel=\"noopener\" >\t\t\t\t\t\t<div class=\"img-inner dark\" >\n\t\t\t<img loading=\"lazy\" decoding=\"async\" width=\"520\" height=\"725\" src=\"https:\/\/www.istanbulkirtasiyefuari.com.tr\/wp-content\/uploads\/2026\/02\/afis_en.jpg\" class=\"attachment-large size-large\" alt=\"\" srcset=\"https:\/\/www.istanbulkirtasiyefuari.com.tr\/wp-content\/uploads\/2026\/02\/afis_en.jpg 520w, https:\/\/www.istanbulkirtasiyefuari.com.tr\/wp-content\/uploads\/2026\/02\/afis_en-215x300.jpg 215w\" sizes=\"auto, (max-width: 520px) 100vw, 520px\" \/>\t\t\t\t\t\t\n\t\t\t\t\t<\/div>\n\t\t\t\t\t\t<\/a>\t\t\n<style>\n#image_1694600226 {\n  width: 100%;\n}\n<\/style>\n\t<\/div>\n\t\n\t\t<\/div>\n\t\t\t\t\t<\/div>\n\n\t\n\n\t<div id=\"col-2100598532\" class=\"col medium-2 small-6 large-2\"  >\n\t\t\t\t<div class=\"col-inner\"  >\n\t\t\t\n\t\t\t\n\t<div class=\"img has-hover x md-x lg-x y md-y lg-y\" id=\"image_1150543754\">\n\t\t<a class=\"\" href=\"http:\/\/istanbulkirtasiyefuari.com.tr\/wp-content\/uploads\/2026\/02\/save_the_date.pdf\" target=\"_blank\" rel=\"noopener\" >\t\t\t\t\t\t<div class=\"img-inner dark\" >\n\t\t\t<img loading=\"lazy\" decoding=\"async\" width=\"520\" height=\"725\" src=\"https:\/\/www.istanbulkirtasiyefuari.com.tr\/wp-content\/uploads\/2026\/02\/save_date_tr.jpg\" class=\"attachment-large size-large\" alt=\"\u0130stanbul K\u0131rtasiye Fuar\u0131 \u0130leti\u015fim\" srcset=\"https:\/\/www.istanbulkirtasiyefuari.com.tr\/wp-content\/uploads\/2026\/02\/save_date_tr.jpg 520w, https:\/\/www.istanbulkirtasiyefuari.com.tr\/wp-content\/uploads\/2026\/02\/save_date_tr-215x300.jpg 215w\" sizes=\"auto, (max-width: 520px) 100vw, 520px\" \/>\t\t\t\t\t\t\n\t\t\t\t\t<\/div>\n\t\t\t\t\t\t<\/a>\t\t\n<style>\n#image_1150543754 {\n  width: 100%;\n}\n<\/style>\n\t<\/div>\n\t\n\t\t<\/div>\n\t\t\t\t\t<\/div>\n\n\t\n<\/div>\n\t\t<\/div>\n\t\t\t\t\t<\/div>\n\n\t\n<\/div>\n\n\t\t<\/div>\n\t\t\t\t\t<\/div>\n\n\t\n<\/div>\n\t\t<\/div>\n\n\t\t\n<style>\n#section_1325830332 {\n  padding-top: 0px;\n  padding-bottom: 0px;\n}\n<\/style>\n\t<\/section>\n\t\n\t<div id=\"gap-1704166878\" class=\"gap-element clearfix\" style=\"display:block; height:auto;\">\n\t\t\n<style>\n#gap-1704166878 {\n  padding-top: 60px;\n}\n<\/style>\n\t<\/div>\n\t\n","protected":false},"excerpt":{"rendered":"","protected":false},"author":1,"featured_media":0,"parent":0,"menu_order":0,"comment_status":"closed","ping_status":"closed","template":"page-blank.php","meta":{"_acf_changed":false,"footnotes":""},"class_list":["post-820","page","type-page","status-publish","hentry"],"acf":[],"_links":{"self":[{"href":"https:\/\/www.istanbulkirtasiyefuari.com.tr\/en\/wp-json\/wp\/v2\/pages\/820","targetHints":{"allow":["GET"]}}],"collection":[{"href":"https:\/\/www.istanbulkirtasiyefuari.com.tr\/en\/wp-json\/wp\/v2\/pages"}],"about":[{"href":"https:\/\/www.istanbulkirtasiyefuari.com.tr\/en\/wp-json\/wp\/v2\/types\/page"}],"author":[{"embeddable":true,"href":"https:\/\/www.istanbulkirtasiyefuari.com.tr\/en\/wp-json\/wp\/v2\/users\/1"}],"replies":[{"embeddable":true,"href":"https:\/\/www.istanbulkirtasiyefuari.com.tr\/en\/wp-json\/wp\/v2\/comments?post=820"}],"version-history":[{"count":26,"href":"https:\/\/www.istanbulkirtasiyefuari.com.tr\/en\/wp-json\/wp\/v2\/pages\/820\/revisions"}],"predecessor-version":[{"id":1243,"href":"https:\/\/www.istanbulkirtasiyefuari.com.tr\/en\/wp-json\/wp\/v2\/pages\/820\/revisions\/1243"}],"wp:attachment":[{"href":"https:\/\/www.istanbulkirtasiyefuari.com.tr\/en\/wp-json\/wp\/v2\/media?parent=820"}],"curies":[{"name":"wp","href":"https:\/\/api.w.org\/{rel}","templated":true}]}}