{"id":586,"date":"2026-02-21T21:58:58","date_gmt":"2026-02-21T18:58:58","guid":{"rendered":"https:\/\/istanbulkirtasiyefuari.com.tr\/transportation\/"},"modified":"2026-03-01T17:33:43","modified_gmt":"2026-03-01T14:33:43","slug":"transportation","status":"publish","type":"page","link":"https:\/\/www.istanbulkirtasiyefuari.com.tr\/en\/transportation\/","title":{"rendered":"Transportation"},"content":{"rendered":"\n\t<section class=\"section\" id=\"section_2021112718\">\n\t\t<div class=\"section-bg fill\" >\n\t\t\t\t\t\t\t\t\t\n\t\t\t\n\n\t\t<\/div>\n\n\t\t\n\n\t\t<div class=\"section-content relative\">\n\t\t\t\n\t<div class=\"img has-hover show-for-medium hide-for-small x md-x lg-x y md-y lg-y\" id=\"image_1926828503\">\n\t\t\t\t\t\t\t\t<div class=\"img-inner image-cover dark\" style=\"padding-top:255px;\">\n\t\t\t<img loading=\"lazy\" decoding=\"async\" width=\"1484\" height=\"390\" src=\"https:\/\/www.istanbulkirtasiyefuari.com.tr\/wp-content\/uploads\/2026\/02\/w_Fuar-Ulasim-ing.jpg\" class=\"attachment-original size-original\" alt=\"\" srcset=\"https:\/\/www.istanbulkirtasiyefuari.com.tr\/wp-content\/uploads\/2026\/02\/w_Fuar-Ulasim-ing.jpg 1484w, https:\/\/www.istanbulkirtasiyefuari.com.tr\/wp-content\/uploads\/2026\/02\/w_Fuar-Ulasim-ing-300x79.jpg 300w, https:\/\/www.istanbulkirtasiyefuari.com.tr\/wp-content\/uploads\/2026\/02\/w_Fuar-Ulasim-ing-1024x269.jpg 1024w, https:\/\/www.istanbulkirtasiyefuari.com.tr\/wp-content\/uploads\/2026\/02\/w_Fuar-Ulasim-ing-768x202.jpg 768w\" sizes=\"auto, (max-width: 1484px) 100vw, 1484px\" \/>\t\t\t\t\t\t\n\t\t\t\t\t<\/div>\n\t\t\t\t\t\t\t\t\n<style>\n#image_1926828503 {\n  width: 100%;\n}\n@media (min-width:850px) {\n  #image_1926828503 {\n    width: 100%;\n  }\n}\n<\/style>\n\t<\/div>\n\t\n\t<div class=\"img has-hover hide-for-medium x md-x lg-x y md-y lg-y\" id=\"image_172931315\">\n\t\t\t\t\t\t\t\t<div class=\"img-inner image-cover dark\" style=\"padding-top:350px;\">\n\t\t\t<img loading=\"lazy\" decoding=\"async\" width=\"1484\" height=\"390\" src=\"https:\/\/www.istanbulkirtasiyefuari.com.tr\/wp-content\/uploads\/2026\/02\/w_Fuar-Ulasim-ing.jpg\" class=\"attachment-original size-original\" alt=\"\" srcset=\"https:\/\/www.istanbulkirtasiyefuari.com.tr\/wp-content\/uploads\/2026\/02\/w_Fuar-Ulasim-ing.jpg 1484w, https:\/\/www.istanbulkirtasiyefuari.com.tr\/wp-content\/uploads\/2026\/02\/w_Fuar-Ulasim-ing-300x79.jpg 300w, https:\/\/www.istanbulkirtasiyefuari.com.tr\/wp-content\/uploads\/2026\/02\/w_Fuar-Ulasim-ing-1024x269.jpg 1024w, https:\/\/www.istanbulkirtasiyefuari.com.tr\/wp-content\/uploads\/2026\/02\/w_Fuar-Ulasim-ing-768x202.jpg 768w\" sizes=\"auto, (max-width: 1484px) 100vw, 1484px\" \/>\t\t\t\t\t\t\n\t\t\t\t\t<\/div>\n\t\t\t\t\t\t\t\t\n<style>\n#image_172931315 {\n  width: 100%;\n}\n@media (min-width:850px) {\n  #image_172931315 {\n    width: 100%;\n  }\n}\n<\/style>\n\t<\/div>\n\t\n\t<div class=\"img has-hover show-for-small x md-x lg-x y md-y lg-y\" id=\"image_1386008640\">\n\t\t\t\t\t\t\t\t<div class=\"img-inner image-cover dark\" style=\"padding-top:130px;\">\n\t\t\t<img loading=\"lazy\" decoding=\"async\" width=\"800\" height=\"1000\" src=\"https:\/\/www.istanbulkirtasiyefuari.com.tr\/wp-content\/uploads\/2026\/02\/m_Fuar-Ulasim-ing.jpg\" class=\"attachment-original size-original\" alt=\"\" srcset=\"https:\/\/www.istanbulkirtasiyefuari.com.tr\/wp-content\/uploads\/2026\/02\/m_Fuar-Ulasim-ing.jpg 800w, https:\/\/www.istanbulkirtasiyefuari.com.tr\/wp-content\/uploads\/2026\/02\/m_Fuar-Ulasim-ing-240x300.jpg 240w, https:\/\/www.istanbulkirtasiyefuari.com.tr\/wp-content\/uploads\/2026\/02\/m_Fuar-Ulasim-ing-768x960.jpg 768w\" sizes=\"auto, (max-width: 800px) 100vw, 800px\" \/>\t\t\t\t\t\t\n\t\t\t\t\t<\/div>\n\t\t\t\t\t\t\t\t\n<style>\n#image_1386008640 {\n  width: 100%;\n}\n@media (min-width:550px) {\n  #image_1386008640 {\n    width: 30%;\n  }\n}\n<\/style>\n\t<\/div>\n\t\n\t\t<\/div>\n\n\t\t\n<style>\n#section_2021112718 {\n  padding-top: 0px;\n  padding-bottom: 0px;\n}\n<\/style>\n\t<\/section>\n\t\n\n\t<section class=\"section\" id=\"section_231185372\">\n\t\t<div class=\"section-bg fill\" >\n\t\t\t\t\t\t\t\t\t\n\t\t\t\n\n\t\t<\/div>\n\n\t\t\n\n\t\t<div class=\"section-content relative\">\n\t\t\t\n\t<div id=\"gap-500978552\" class=\"gap-element clearfix\" style=\"display:block; height:auto;\">\n\t\t\n<style>\n#gap-500978552 {\n  padding-top: 12px;\n}\n@media (min-width:550px) {\n  #gap-500978552 {\n    padding-top: 60px;\n  }\n}\n<\/style>\n\t<\/div>\n\t\n<div class=\"row align-center\"  id=\"row-146641692\">\n\n\t<div id=\"col-252166128\" class=\"col small-12 large-12\"  >\n\t\t\t\t<div class=\"col-inner\"  >\n\t\t\t\n\t\t\t\n\t<div id=\"text-3675981146\" class=\"text\">\n\t\t\n<h1 class=\"p1\"><span style=\"font-size: 110%;\"><strong>Easy Access with Map<\/strong><\/span><\/h1>\n<p class=\"p1\"><span style=\"font-size: 95%;\">Thanks to the central and strategic location of Istanbul Expo Center, the Istanbul Stationery Fair is held at a point easily accessible by both public transportation and private vehicles. The fairground can be easily reached from different parts of the city via metro, bus, and other public transportation options; for visitors arriving by private vehicle, ample parking facilities are available in the vicinity.<\/span><\/p>\n<p class=\"p1\"><span style=\"font-size: 95%;\">You can view the detailed address and location of the fairground on the map below, and quickly and practically get directions by determining the most suitable route from your current location.<\/span><\/p>\n\t\t\n<style>\n#text-3675981146 {\n  font-size: 0.75rem;\n  color: rgb(0, 0, 0);\n}\n#text-3675981146 > * {\n  color: rgb(0, 0, 0);\n}\n<\/style>\n\t<\/div>\n\t\n\t<div id=\"gap-1390685485\" class=\"gap-element clearfix\" style=\"display:block; height:auto;\">\n\t\t\n<style>\n#gap-1390685485 {\n  padding-top: 30px;\n}\n<\/style>\n\t<\/div>\n\t\n<div class=\"row\"  id=\"row-1845567313\">\n\n\t<div id=\"col-1034186885\" class=\"col medium-7 small-12 large-7 small-col-first\"  >\n\t\t\t\t<div class=\"col-inner\"  >\n\t\t\t\n\t\t\t\n\t<div id=\"text-1466332498\" class=\"text\">\n\t\t\n<h3 class=\"p1\"><span style=\"font-size: 90%;\"><strong>Venue Information<\/strong><\/span><\/h3>\n<hr>\n<p class=\"p1\"><span style=\"font-size: 95%;\"><strong>IFM &#8211; ISTANBUL EXPO CENTER<\/strong><\/span><\/p>\n<p class=\"p1\"><span style=\"font-size: 95%;\"><strong>Address<\/strong>: Ye\u015filk\u00f6y Mah. Atat\u00fcrk Cad. Bak\u0131rk\u00f6y, Istanbul, TURKEY<\/span><\/p>\n<p class=\"p1\"><span style=\"font-size: 95%;\"><strong>Phone<\/strong>: +90 212 468 52 00<\/span><\/p>\n<p class=\"p1\"><span style=\"font-size: 95%;\"><strong>E-mail<\/strong>: expo@ifm.com.tr<br \/><\/span><\/p>\n<p class=\"p1\"><span style=\"font-size: 95%;\"><strong>\u2022 Access by Metro<\/strong><\/span><\/p>\n<p class=\"p1\"><span style=\"font-size: 95%;\">The M1A Yenikap\u0131 \u2013 Atat\u00fcrk Airport Metro Line should be used. <br \/>Upon alighting at the D\u00fcnya Ticaret Merkezi \/ \u0130stanbul Fuar Merkezi (World Trade Center \/ Istanbul Expo Center) station, direct access to the fairground is provided within a very short walking distance. As the M1A line is connected to major transfer hubs like Yenikap\u0131, it offers easy access from many points.<\/span><\/p>\n\t\t\n<style>\n#text-1466332498 {\n  color: rgb(0, 0, 0);\n}\n#text-1466332498 > * {\n  color: rgb(0, 0, 0);\n}\n<\/style>\n\t<\/div>\n\t\n\t\t<\/div>\n\t\t\t\t\n<style>\n#col-1034186885 > .col-inner {\n  margin: 0px 0px -35px 0px;\n}\n<\/style>\n\t<\/div>\n\n\t\n\n\t<div id=\"col-574719277\" class=\"col medium-12 small-12 large-5 medium-col-first\"  >\n\t\t\t\t<div class=\"col-inner\"  >\n\t\t\t\n\t\t\t\n\t<div class=\"img has-hover x md-x lg-x y md-y lg-y\" id=\"image_1785670552\">\n\t\t<a class=\"image-lightbox lightbox-gallery\" title=\"\" href=\"https:\/\/www.istanbulkirtasiyefuari.com.tr\/wp-content\/uploads\/2026\/02\/Istanbul-map.jpg\">\t\t\t\t\t\t<div class=\"img-inner dark\" >\n\t\t\t<img loading=\"lazy\" decoding=\"async\" width=\"1000\" height=\"800\" src=\"https:\/\/www.istanbulkirtasiyefuari.com.tr\/wp-content\/uploads\/2026\/02\/Istanbul-map.jpg\" class=\"attachment-large size-large\" alt=\"\" srcset=\"https:\/\/www.istanbulkirtasiyefuari.com.tr\/wp-content\/uploads\/2026\/02\/Istanbul-map.jpg 1000w, https:\/\/www.istanbulkirtasiyefuari.com.tr\/wp-content\/uploads\/2026\/02\/Istanbul-map-300x240.jpg 300w, https:\/\/www.istanbulkirtasiyefuari.com.tr\/wp-content\/uploads\/2026\/02\/Istanbul-map-768x614.jpg 768w\" sizes=\"auto, (max-width: 1000px) 100vw, 1000px\" \/>\t\t\t\t\t\t\n\t\t\t\t\t<\/div>\n\t\t\t\t\t\t<\/a>\t\t\n<style>\n#image_1785670552 {\n  width: 100%;\n}\n<\/style>\n\t<\/div>\n\t\n\t\t<\/div>\n\t\t\t\t\n<style>\n#col-574719277 > .col-inner {\n  margin: 0px 0px -11px 0px;\n}\n@media (min-width:550px) {\n  #col-574719277 > .col-inner {\n    margin: 0px 0px -16px 0px;\n  }\n}\n@media (min-width:850px) {\n  #col-574719277 > .col-inner {\n    margin: 0px 0px -110px 0px;\n  }\n}\n<\/style>\n\t<\/div>\n\n\t\n<\/div>\n\t<div id=\"text-3795022673\" class=\"text\">\n\t\t\n<p class=\"p1\"><span style=\"font-size: 95%;\"><strong>\u2022 Access by Marmaray<\/strong><\/span><\/p>\n<p class=\"p1\"><span style=\"font-size: 95%;\">Visitors using the Marmaray line can transfer to the M1A metro line at Yenikap\u0131 or Zeytinburnu stations and easily reach the Istanbul Expo Center station. Marmaray provides fast and uninterrupted transportation between the Anatolian and European sides.<\/span><\/p>\n<p class=\"p1\"><span style=\"font-size: 95%;\"><strong>\u2022 Access by Bus<\/strong><\/span><\/p>\n<p class=\"p1\"><span style=\"font-size: 95%;\">Istanbul Expo Center can be reached by numerous IETT bus lines passing through Bak\u0131rk\u00f6y, Bah\u00e7elievler, Zeytinburnu, and Avc\u0131lar; the fairground is a short walk from the bus stops.<\/span><\/p>\n<p class=\"p1\"><span style=\"font-size: 95%;\"><strong>\u2022 Location and Directions<\/strong><\/span><\/p>\n<p class=\"p1\"><span style=\"font-size: 95%;\">You can view the location of Istanbul Expo Center on the map below and easily reach it by both public transportation and private vehicle, determining the most suitable route from your current location.<\/span><\/p>\n\t\t\n<style>\n#text-3795022673 {\n  color: rgb(0, 0, 0);\n}\n#text-3795022673 > * {\n  color: rgb(0, 0, 0);\n}\n<\/style>\n\t<\/div>\n\t\n\t\t<\/div>\n\t\t\t\t\t<\/div>\n\n\t\n<\/div>\n<div class=\"row row-collapse row-full-width align-middle align-center\"  id=\"row-1288833823\">\n\n\t<div id=\"col-1729379311\" class=\"col small-12 large-12\"  >\n\t\t\t\t<div class=\"col-inner\"  >\n\t\t\t\n\t\t\t\n\n<p><iframe loading=\"lazy\" style=\"border: 0;\" src=\"https:\/\/www.google.com\/maps\/embed?pb=!1m18!1m12!1m3!1d3011.6488163842414!2d28.823586076735324!3d40.98917017135331!2m3!1f0!2f0!3f0!3m2!1i1024!2i768!4f13.1!3m3!1m2!1s0x14caa37998cc3537%3A0xee53d7b87dde799d!2s%C4%B0stanbul%20Fuar%20Merkezi!5e0!3m2!1str!2str!4v1771700925668!5m2!1str!2str\" width=\"100%\" height=\"450\" allowfullscreen=\"allowfullscreen\"><\/iframe><br \/>\n\n\t\t<\/div>\n\t\t\t\t\t<\/div>\n\n\t\n<\/div>\n\t\t<\/div>\n\n\t\t\n<style>\n#section_231185372 {\n  padding-top: 30px;\n  padding-bottom: 30px;\n}\n@media (min-width:550px) {\n  #section_231185372 {\n    padding-top: 0px;\n    padding-bottom: 0px;\n  }\n}\n<\/style>\n\t<\/section>\n\t\n","protected":false},"excerpt":{"rendered":"","protected":false},"author":1,"featured_media":1099,"parent":0,"menu_order":0,"comment_status":"closed","ping_status":"closed","template":"page-blank.php","meta":{"_acf_changed":false,"footnotes":""},"class_list":["post-586","page","type-page","status-publish","has-post-thumbnail","hentry"],"acf":[],"_links":{"self":[{"href":"https:\/\/www.istanbulkirtasiyefuari.com.tr\/en\/wp-json\/wp\/v2\/pages\/586","targetHints":{"allow":["GET"]}}],"collection":[{"href":"https:\/\/www.istanbulkirtasiyefuari.com.tr\/en\/wp-json\/wp\/v2\/pages"}],"about":[{"href":"https:\/\/www.istanbulkirtasiyefuari.com.tr\/en\/wp-json\/wp\/v2\/types\/page"}],"author":[{"embeddable":true,"href":"https:\/\/www.istanbulkirtasiyefuari.com.tr\/en\/wp-json\/wp\/v2\/users\/1"}],"replies":[{"embeddable":true,"href":"https:\/\/www.istanbulkirtasiyefuari.com.tr\/en\/wp-json\/wp\/v2\/comments?post=586"}],"version-history":[{"count":13,"href":"https:\/\/www.istanbulkirtasiyefuari.com.tr\/en\/wp-json\/wp\/v2\/pages\/586\/revisions"}],"predecessor-version":[{"id":1253,"href":"https:\/\/www.istanbulkirtasiyefuari.com.tr\/en\/wp-json\/wp\/v2\/pages\/586\/revisions\/1253"}],"wp:featuredmedia":[{"embeddable":true,"href":"https:\/\/www.istanbulkirtasiyefuari.com.tr\/en\/wp-json\/wp\/v2\/media\/1099"}],"wp:attachment":[{"href":"https:\/\/www.istanbulkirtasiyefuari.com.tr\/en\/wp-json\/wp\/v2\/media?parent=586"}],"curies":[{"name":"wp","href":"https:\/\/api.w.org\/{rel}","templated":true}]}}