{"id":561,"date":"2026-02-10T20:31:07","date_gmt":"2026-02-10T17:31:07","guid":{"rendered":"https:\/\/istanbulkirtasiyefuari.com.tr\/contact\/"},"modified":"2026-02-27T00:51:15","modified_gmt":"2026-02-26T21:51:15","slug":"contact","status":"publish","type":"page","link":"https:\/\/www.istanbulkirtasiyefuari.com.tr\/en\/contact\/","title":{"rendered":"Contact"},"content":{"rendered":"\n\t<section class=\"section\" id=\"section_137330949\">\n\t\t<div class=\"section-bg fill\" >\n\t\t\t\t\t\t\t\t\t\n\t\t\t\n\n\t\t<\/div>\n\n\t\t\n\n\t\t<div class=\"section-content relative\">\n\t\t\t\n\t<div class=\"img has-hover show-for-medium hide-for-small x md-x lg-x y md-y lg-y\" id=\"image_1748863876\">\n\t\t\t\t\t\t\t\t<div class=\"img-inner image-cover dark\" style=\"padding-top:255px;\">\n\t\t\t<img loading=\"lazy\" decoding=\"async\" width=\"1484\" height=\"390\" src=\"https:\/\/www.istanbulkirtasiyefuari.com.tr\/wp-content\/uploads\/2026\/02\/w_iletisim_en.jpg\" class=\"attachment-original size-original\" alt=\"\" srcset=\"https:\/\/www.istanbulkirtasiyefuari.com.tr\/wp-content\/uploads\/2026\/02\/w_iletisim_en.jpg 1484w, https:\/\/www.istanbulkirtasiyefuari.com.tr\/wp-content\/uploads\/2026\/02\/w_iletisim_en-300x79.jpg 300w, https:\/\/www.istanbulkirtasiyefuari.com.tr\/wp-content\/uploads\/2026\/02\/w_iletisim_en-1024x269.jpg 1024w, https:\/\/www.istanbulkirtasiyefuari.com.tr\/wp-content\/uploads\/2026\/02\/w_iletisim_en-768x202.jpg 768w\" sizes=\"auto, (max-width: 1484px) 100vw, 1484px\" \/>\t\t\t\t\t\t\n\t\t\t\t\t<\/div>\n\t\t\t\t\t\t\t\t\n<style>\n#image_1748863876 {\n  width: 100%;\n}\n@media (min-width:850px) {\n  #image_1748863876 {\n    width: 100%;\n  }\n}\n<\/style>\n\t<\/div>\n\t\n\t<div class=\"img has-hover hide-for-medium x md-x lg-x y md-y lg-y\" id=\"image_2075142673\">\n\t\t\t\t\t\t\t\t<div class=\"img-inner image-cover dark\" style=\"padding-top:350px;\">\n\t\t\t<img loading=\"lazy\" decoding=\"async\" width=\"1484\" height=\"390\" src=\"https:\/\/www.istanbulkirtasiyefuari.com.tr\/wp-content\/uploads\/2026\/02\/w_iletisim_en.jpg\" class=\"attachment-original size-original\" alt=\"\" srcset=\"https:\/\/www.istanbulkirtasiyefuari.com.tr\/wp-content\/uploads\/2026\/02\/w_iletisim_en.jpg 1484w, https:\/\/www.istanbulkirtasiyefuari.com.tr\/wp-content\/uploads\/2026\/02\/w_iletisim_en-300x79.jpg 300w, https:\/\/www.istanbulkirtasiyefuari.com.tr\/wp-content\/uploads\/2026\/02\/w_iletisim_en-1024x269.jpg 1024w, https:\/\/www.istanbulkirtasiyefuari.com.tr\/wp-content\/uploads\/2026\/02\/w_iletisim_en-768x202.jpg 768w\" sizes=\"auto, (max-width: 1484px) 100vw, 1484px\" \/>\t\t\t\t\t\t\n\t\t\t\t\t<\/div>\n\t\t\t\t\t\t\t\t\n<style>\n#image_2075142673 {\n  width: 100%;\n}\n@media (min-width:850px) {\n  #image_2075142673 {\n    width: 100%;\n  }\n}\n<\/style>\n\t<\/div>\n\t\n\t<div class=\"img has-hover show-for-small x md-x lg-x y md-y lg-y\" id=\"image_1139897480\">\n\t\t\t\t\t\t\t\t<div class=\"img-inner image-cover dark\" style=\"padding-top:130px;\">\n\t\t\t<img loading=\"lazy\" decoding=\"async\" width=\"800\" height=\"1000\" src=\"https:\/\/www.istanbulkirtasiyefuari.com.tr\/wp-content\/uploads\/2026\/02\/m_iletisim_en.jpg\" class=\"attachment-original size-original\" alt=\"\" srcset=\"https:\/\/www.istanbulkirtasiyefuari.com.tr\/wp-content\/uploads\/2026\/02\/m_iletisim_en.jpg 800w, https:\/\/www.istanbulkirtasiyefuari.com.tr\/wp-content\/uploads\/2026\/02\/m_iletisim_en-240x300.jpg 240w, https:\/\/www.istanbulkirtasiyefuari.com.tr\/wp-content\/uploads\/2026\/02\/m_iletisim_en-768x960.jpg 768w\" sizes=\"auto, (max-width: 800px) 100vw, 800px\" \/>\t\t\t\t\t\t\n\t\t\t\t\t<\/div>\n\t\t\t\t\t\t\t\t\n<style>\n#image_1139897480 {\n  width: 100%;\n}\n@media (min-width:550px) {\n  #image_1139897480 {\n    width: 30%;\n  }\n}\n<\/style>\n\t<\/div>\n\t\n\t\t<\/div>\n\n\t\t\n<style>\n#section_137330949 {\n  padding-top: 0px;\n  padding-bottom: 0px;\n}\n<\/style>\n\t<\/section>\n\t\n\n\t<section class=\"section\" id=\"section_2108540206\">\n\t\t<div class=\"section-bg fill\" >\n\t\t\t\t\t\t\t\t\t\n\t\t\t\n\n\t\t<\/div>\n\n\t\t\n\n\t\t<div class=\"section-content relative\">\n\t\t\t\n<div class=\"row align-middle align-center\"  id=\"row-152105350\">\n\n\t<div id=\"col-602708040\" class=\"col medium-7 small-12 large-7\"  >\n\t\t\t\t<div class=\"col-inner text-center\"  >\n\t\t\t\n\t\t\t\n\t<div id=\"text-353050518\" class=\"text\">\n\t\t\n<p style=\"text-align: center;\">You can contact us for detailed information about the Istanbul Stationery Fair.<br \/>\nOur team is ready to provide you with the most accurate information as soon as possible.<\/p>\n\t\t\n<style>\n#text-353050518 {\n  font-size: 1.05rem;\n  text-align: center;\n}\n<\/style>\n\t<\/div>\n\t\n\t<div id=\"gap-1296394436\" class=\"gap-element clearfix\" style=\"display:block; height:auto;\">\n\t\t\n<style>\n#gap-1296394436 {\n  padding-top: 90px;\n}\n<\/style>\n\t<\/div>\n\t\n\t<div class=\"img has-hover x md-x lg-x y md-y lg-y\" id=\"image_1421348979\">\n\t\t\t\t\t\t\t\t<div class=\"img-inner dark\" >\n\t\t\t<img loading=\"lazy\" decoding=\"async\" width=\"968\" height=\"83\" src=\"https:\/\/www.istanbulkirtasiyefuari.com.tr\/wp-content\/uploads\/2026\/02\/Asset-2.png\" class=\"attachment-large size-large\" alt=\"\" srcset=\"https:\/\/www.istanbulkirtasiyefuari.com.tr\/wp-content\/uploads\/2026\/02\/Asset-2.png 968w, https:\/\/www.istanbulkirtasiyefuari.com.tr\/wp-content\/uploads\/2026\/02\/Asset-2-300x26.png 300w, https:\/\/www.istanbulkirtasiyefuari.com.tr\/wp-content\/uploads\/2026\/02\/Asset-2-768x66.png 768w\" sizes=\"auto, (max-width: 968px) 100vw, 968px\" \/>\t\t\t\t\t\t\n\t\t\t\t\t<\/div>\n\t\t\t\t\t\t\t\t\n<style>\n#image_1421348979 {\n  width: 57%;\n}\n<\/style>\n\t<\/div>\n\t\n\t<div id=\"gap-1508285550\" class=\"gap-element clearfix\" style=\"display:block; height:auto;\">\n\t\t\n<style>\n#gap-1508285550 {\n  padding-top: 100px;\n}\n<\/style>\n\t<\/div>\n\t\n\t\t<\/div>\n\t\t\t\t\t<\/div>\n\n\t\n<\/div>\n<div class=\"row row-collapse align-middle align-center\"  id=\"row-96583805\">\n\n\t<div id=\"col-29358265\" class=\"col medium-7 small-12 large-7\"  >\n\t\t\t\t<div class=\"col-inner\"  >\n\t\t\t\n\t\t\t\n<div style=\"max-width: 1100px; margin: 0 auto;\">\n<p><!-- TITLE --><\/p>\n<div style=\"font-size: 24px; font-weight: bold; color: #444; line-height: 1.2; margin: 0 0 10px 0;\">Organization &amp; Sales Contact Information<\/div>\n<div style=\"height: 2px; background: #333; opacity: .35; margin: 0 0 18px 0;\"> <\/div>\n<p><!-- ITEM --><\/p>\n<div style=\"display: flex; align-items: flex-start; gap: 12px; padding: 11px 0;\">\n<div style=\"flex: 0 0 40%; font-size: 18px; font-weight: bold; color: #555; line-height: 1.25;\">Fair Project Manager<\/div>\n<div style=\"flex: 0 0 18px; text-align: center; font-size: 18px; font-weight: bold; color: #777; line-height: 1.25;\">:<\/div>\n<div style=\"flex: 1;\">\n<div style=\"font-size: 21px; font-weight: 500; color: #555; line-height: 1.25;\">Banu Baran Seven<\/div>\n<div style=\"font-size: 20px; font-weight: 400; color: #777; line-height: 1.25; margin-top: 4px;\"><a style=\"color: inherit; text-decoration: none;\" href=\"mailto:b.baran@24saatfuarcilik.com\">b.baran@24saatfuarcilik.com<br \/><\/a><\/div>\n<\/div>\n<\/div>\n<p><!-- ITEM --><\/p>\n<div style=\"display: flex; align-items: flex-start; gap: 12px; padding: 11px 0;\">\n<div style=\"flex: 0 0 40%; font-size: 18px; font-weight: bold; color: #555;\">Fair Project Manager<\/div>\n<div style=\"flex: 0 0 18px; text-align: center; font-size: 18px; font-weight: bold; color: #777;\">:<\/div>\n<div style=\"flex: 1;\">\n<div style=\"font-size: 21px; font-weight: 500; color: #555;\">G\u00f6khan \u015eahinler<\/div>\n<div style=\"font-size: 20px; font-weight: 400; color: #777; margin-top: 4px;\"><a style=\"color: inherit; text-decoration: none;\" href=\"mailto:g.sahinler@24saatfuarcilik.com\">g.sahinler@24saatfuarcilik.com<br \/><\/a><\/div>\n<\/div>\n<\/div>\n<p><!-- ITEM --><\/p>\n<div style=\"display: flex; align-items: flex-start; gap: 12px; padding: 11px 0;\">\n<div style=\"flex: 0 0 40%; font-size: 18px; font-weight: bold; color: #555;\">Corporate Planning and<br \/>Communication Coordinator<\/div>\n<div style=\"flex: 0 0 18px; text-align: center; font-size: 18px; font-weight: bold; color: #777;\">:<\/div>\n<div style=\"flex: 1;\">\n<div style=\"font-size: 21px; font-weight: 500; color: #555;\">\u00c7i\u011fdem Bilen<\/div>\n<div style=\"font-size: 20px; font-weight: 400; color: #777; margin-top: 4px;\"><a style=\"color: inherit; text-decoration: none;\" href=\"mailto:c.bilen@24saatfuarcilik.com\">c.bilen@24saatfuarcilik.com<br \/><\/a><\/div>\n<div style=\"font-size: 20px; font-weight: 400; color: #777; margin-top: 4px;\">+90 538 216 70 08<\/div>\n<\/div>\n<\/div>\n<p><!-- ITEM --><\/p>\n<div style=\"display: flex; align-items: flex-start; gap: 12px; padding: 11px 0;\">\n<div style=\"flex: 0 0 40%; font-size: 18px; font-weight: bold; color: #555;\">Corporate Planning and<br \/>Communication Coordinator<\/div>\n<div style=\"flex: 0 0 18px; text-align: center; font-size: 18px; font-weight: bold; color: #777;\">:<\/div>\n<div style=\"flex: 1;\">\n<div style=\"font-size: 21px; font-weight: 500; color: #555;\">Yasemin Uluocak<\/div>\n<div style=\"font-size: 20px; font-weight: 400; color: #777; margin-top: 4px;\">y.uluocak@24saatfuarcilik.com<\/div>\n<div style=\"font-size: 20px; font-weight: 400; color: #777; margin-top: 4px;\">+90 212 660 24 66<\/div>\n<\/div>\n<\/div>\n<p><!-- ITEM --><\/p>\n<div style=\"display: flex; align-items: flex-start; gap: 12px; padding: 11px 0;\">\n<div style=\"flex: 0 0 40%; font-size: 18px; font-weight: bold; color: #555;\">Finance Specialist \/ Fair<br \/>Support Consultant<\/div>\n<div style=\"flex: 0 0 18px; text-align: center; font-size: 18px; font-weight: bold; color: #777;\">:<\/div>\n<div style=\"flex: 1;\">\n<div style=\"font-size: 21px; font-weight: 500; color: #555;\">\u00c7i\u011fdem Damkac\u0131<\/div>\n<div style=\"font-size: 20px; font-weight: 400; color: #777; margin-top: 4px;\">muhasebe@24saatfuarcilik.com<\/div>\n<div style=\"font-size: 20px; font-weight: 400; color: #777; margin-top: 4px;\">+90 539 69 09 30<\/div>\n<\/div>\n<\/div>\n<\/div>\n<div style=\"max-width: 1100px; margin: 0 auto;\">\n<p><!-- SEPARATOR --><\/p>\n<div style=\"height: 2px; background: #333; opacity: .35; margin: 0 0 18px 0;\"> <\/div>\n<p><!-- ADRES --><\/p>\n<div style=\"display: flex; align-items: flex-start; gap: 12px; padding: 8px 0;\">\n<div style=\"flex: 0 0 18%; font-size: 18px; font-weight: bold; color: #555; line-height: 1.25;\">Address<\/div>\n<div style=\"flex: 0 0 18px; text-align: center; font-size: 18px; font-weight: bold; color: #777; line-height: 1.25;\">:<\/div>\n<div style=\"flex: 1; font-size: 20px; font-weight: 400; color: #777; line-height: 1.35;\">Mahirler St. No: 21-3 Florya, Bak\u0131rk\u00f6y, Istanbul, TURKEY<\/div>\n<\/div>\n<p><!-- TELEFON --><\/p>\n<div style=\"display: flex; align-items: flex-start; gap: 12px; padding: 8px 0;\">\n<div style=\"flex: 0 0 18%; font-size: 18px; font-weight: bold; color: #555;\">Phone<\/div>\n<div style=\"flex: 0 0 18px; text-align: center; font-size: 18px; font-weight: bold; color: #777;\">:<\/div>\n<div style=\"flex: 1; font-size: 20px; font-weight: 400; color: #777;\"><a style=\"color: inherit; text-decoration: none;\" href=\"tel:+902126602466\">+90 212 660 24 66<br \/><\/a><\/div>\n<\/div>\n<p><!-- EMAIL --><\/p>\n<div style=\"display: flex; align-items: flex-start; gap: 12px; padding: 8px 0;\">\n<div style=\"flex: 0 0 18%; font-size: 18px; font-weight: bold; color: #555;\">Email<\/div>\n<div style=\"flex: 0 0 18px; text-align: center; font-size: 18px; font-weight: bold; color: #777;\">:<\/div>\n<div style=\"flex: 1; font-size: 20px; font-weight: 400; color: #777;\"><a style=\"color: inherit; text-decoration: none;\" href=\"mailto:info@24saatfuarcilik.com\">info@24saatfuarcilik.com<br \/><\/a><\/div>\n<\/div>\n<\/div>\n\t\t<\/div>\n\t\t\t\t\t<\/div>\n\n\t\n<\/div>\n\t\t<\/div>\n\n\t\t\n<style>\n#section_2108540206 {\n  padding-top: 30px;\n  padding-bottom: 30px;\n}\n<\/style>\n\t<\/section>\n\t\n","protected":false},"excerpt":{"rendered":"","protected":false},"author":1,"featured_media":819,"parent":0,"menu_order":0,"comment_status":"closed","ping_status":"closed","template":"page-blank.php","meta":{"_acf_changed":false,"footnotes":""},"class_list":["post-561","page","type-page","status-publish","has-post-thumbnail","hentry"],"acf":[],"_links":{"self":[{"href":"https:\/\/www.istanbulkirtasiyefuari.com.tr\/en\/wp-json\/wp\/v2\/pages\/561","targetHints":{"allow":["GET"]}}],"collection":[{"href":"https:\/\/www.istanbulkirtasiyefuari.com.tr\/en\/wp-json\/wp\/v2\/pages"}],"about":[{"href":"https:\/\/www.istanbulkirtasiyefuari.com.tr\/en\/wp-json\/wp\/v2\/types\/page"}],"author":[{"embeddable":true,"href":"https:\/\/www.istanbulkirtasiyefuari.com.tr\/en\/wp-json\/wp\/v2\/users\/1"}],"replies":[{"embeddable":true,"href":"https:\/\/www.istanbulkirtasiyefuari.com.tr\/en\/wp-json\/wp\/v2\/comments?post=561"}],"version-history":[{"count":6,"href":"https:\/\/www.istanbulkirtasiyefuari.com.tr\/en\/wp-json\/wp\/v2\/pages\/561\/revisions"}],"predecessor-version":[{"id":1227,"href":"https:\/\/www.istanbulkirtasiyefuari.com.tr\/en\/wp-json\/wp\/v2\/pages\/561\/revisions\/1227"}],"wp:featuredmedia":[{"embeddable":true,"href":"https:\/\/www.istanbulkirtasiyefuari.com.tr\/en\/wp-json\/wp\/v2\/media\/819"}],"wp:attachment":[{"href":"https:\/\/www.istanbulkirtasiyefuari.com.tr\/en\/wp-json\/wp\/v2\/media?parent=561"}],"curies":[{"name":"wp","href":"https:\/\/api.w.org\/{rel}","templated":true}]}}