{"id":461,"date":"2026-02-15T21:59:34","date_gmt":"2026-02-15T18:59:34","guid":{"rendered":"https:\/\/istanbulkirtasiyefuari.com.tr\/?page_id=461"},"modified":"2026-03-19T13:20:17","modified_gmt":"2026-03-19T10:20:17","slug":"credits","status":"publish","type":"page","link":"https:\/\/www.istanbulkirtasiyefuari.com.tr\/en\/credits\/","title":{"rendered":"Credits"},"content":{"rendered":"\n\t<section class=\"section\" id=\"section_374857935\">\n\t\t<div class=\"section-bg fill\" >\n\t\t\t\t\t\t\t\t\t\n\t\t\t\n\n\t\t<\/div>\n\n\t\t\n\n\t\t<div class=\"section-content relative\">\n\t\t\t\n\t<div class=\"img has-hover show-for-medium hide-for-small x md-x lg-x y md-y lg-y\" id=\"image_1786408026\">\n\t\t\t\t\t\t\t\t<div class=\"img-inner image-cover dark\" style=\"padding-top:255px;\">\n\t\t\t<img loading=\"lazy\" decoding=\"async\" width=\"1484\" height=\"390\" src=\"https:\/\/www.istanbulkirtasiyefuari.com.tr\/wp-content\/uploads\/2026\/02\/w_Fuar-Kunyesi-ing.jpg\" class=\"attachment-original size-original\" alt=\"\" \/>\t\t\t\t\t\t\n\t\t\t\t\t<\/div>\n\t\t\t\t\t\t\t\t\n<style>\n#image_1786408026 {\n  width: 100%;\n}\n@media (min-width:850px) {\n  #image_1786408026 {\n    width: 100%;\n  }\n}\n<\/style>\n\t<\/div>\n\t\n\t<div class=\"img has-hover hide-for-medium x md-x lg-x y md-y lg-y\" id=\"image_855588304\">\n\t\t\t\t\t\t\t\t<div class=\"img-inner image-cover dark\" style=\"padding-top:350px;\">\n\t\t\t<img loading=\"lazy\" decoding=\"async\" width=\"1484\" height=\"390\" src=\"https:\/\/www.istanbulkirtasiyefuari.com.tr\/wp-content\/uploads\/2026\/02\/w_Fuar-Kunyesi-ing.jpg\" class=\"attachment-original size-original\" alt=\"\" \/>\t\t\t\t\t\t\n\t\t\t\t\t<\/div>\n\t\t\t\t\t\t\t\t\n<style>\n#image_855588304 {\n  width: 100%;\n}\n@media (min-width:850px) {\n  #image_855588304 {\n    width: 100%;\n  }\n}\n<\/style>\n\t<\/div>\n\t\n\t<div class=\"img has-hover show-for-small x md-x lg-x y md-y lg-y\" id=\"image_1437140878\">\n\t\t\t\t\t\t\t\t<div class=\"img-inner image-cover dark\" style=\"padding-top:130px;\">\n\t\t\t<img loading=\"lazy\" decoding=\"async\" width=\"800\" height=\"1000\" src=\"https:\/\/www.istanbulkirtasiyefuari.com.tr\/wp-content\/uploads\/2026\/03\/m_Fuar-Kunyesi-ing.jpg\" class=\"attachment-original size-original\" alt=\"\" srcset=\"https:\/\/www.istanbulkirtasiyefuari.com.tr\/wp-content\/uploads\/2026\/03\/m_Fuar-Kunyesi-ing.jpg 800w, https:\/\/www.istanbulkirtasiyefuari.com.tr\/wp-content\/uploads\/2026\/03\/m_Fuar-Kunyesi-ing-240x300.jpg 240w, https:\/\/www.istanbulkirtasiyefuari.com.tr\/wp-content\/uploads\/2026\/03\/m_Fuar-Kunyesi-ing-768x960.jpg 768w\" sizes=\"auto, (max-width: 800px) 100vw, 800px\" \/>\t\t\t\t\t\t\n\t\t\t\t\t<\/div>\n\t\t\t\t\t\t\t\t\n<style>\n#image_1437140878 {\n  width: 100%;\n}\n@media (min-width:550px) {\n  #image_1437140878 {\n    width: 30%;\n  }\n}\n<\/style>\n\t<\/div>\n\t\n\t\t<\/div>\n\n\t\t\n<style>\n#section_374857935 {\n  padding-top: 0px;\n  padding-bottom: 0px;\n}\n<\/style>\n\t<\/section>\n\t\n\n\t<section class=\"section\" id=\"section_290866506\">\n\t\t<div class=\"section-bg fill\" >\n\t\t\t\t\t\t\t\t\t\n\t\t\t\n\n\t\t<\/div>\n\n\t\t\n\n\t\t<div class=\"section-content relative\">\n\t\t\t\n<div class=\"row align-center\"  id=\"row-2127601431\">\n\n\t<div id=\"col-772972330\" class=\"col medium-6 small-12 large-6\"  >\n\t\t\t\t<div class=\"col-inner\"  >\n\t\t\t\n\t\t\t\n\t<div id=\"text-3777321315\" class=\"text\">\n\t\t\n<h2><strong><span style=\"font-size: 90%;\">Fair Information<\/span><\/strong><\/h2>\n\t\t\n<style>\n#text-3777321315 {\n  color: rgb(0,0,0);\n}\n#text-3777321315 > * {\n  color: rgb(0,0,0);\n}\n<\/style>\n\t<\/div>\n\t\n\t<div id=\"text-2288660451\" class=\"text\">\n\t\t\n<table class=\"ikf-fair-info\">\n<tbody>\n<tr>\n<th>Fair Name<\/th>\n<td>Istanbul Stationery Fair 2026<\/td>\n<\/tr>\n<tr>\n<th>Fair Description<\/th>\n<td>Stationery, Office, School, Writing and Creative Products International Trade Fair<\/td>\n<\/tr>\n<tr>\n<th>Venue<\/th>\n<td>Istanbul Fuar Merkezi \/ Ye\u015filk\u00f6y, \u0130stanbul<\/td>\n<\/tr>\n<tr>\n<th>Halls<\/th>\n<td>Hall 1 and 3<\/td>\n<\/tr>\n<tr>\n<th>City<\/th>\n<td>Istanbul<\/td>\n<\/tr>\n<tr>\n<th>Country<\/th>\n<td>T\u00fcrkiye<\/td>\n<\/tr>\n<tr>\n<th>Date<\/th>\n<td>15\u201318 April 2026<\/td>\n<\/tr>\n<tr>\n<th>Frequency<\/th>\n<td>Yearly<\/td>\n<\/tr>\n<tr>\n<th>Opening Hours<\/th>\n<td>10.00\u201319.00<\/td>\n<\/tr>\n<tr>\n<th>Sectoral Partner<\/th>\n<td>T\u00dcK\u0130D \u2013 T\u00fcm K\u0131rtasiyeciler Derne\u011fi<\/td>\n<\/tr>\n<tr>\n<th>Organizer<\/th>\n<td>24 Saat Fuarc\u0131l\u0131k A.\u015e<\/td>\n<\/tr>\n<tr>\n<th>Phone<\/th>\n<td>0 212 660 24 66<\/td>\n<\/tr>\n<tr>\n<th>Fax<\/th>\n<td>0 212 574 24 12<\/td>\n<\/tr>\n<tr>\n<th>E-mail<\/th>\n<td>info@24saatfuarcilik.com<\/td>\n<\/tr>\n<tr>\n<th>Web<\/th>\n<td>www.istanbulkirtasiyefuari.com.tr<\/td>\n<\/tr>\n<\/tbody>\n<\/table>\n\t\t\n<style>\n#text-2288660451 {\n  color: rgb(0, 0, 0);\n}\n#text-2288660451 > * {\n  color: rgb(0, 0, 0);\n}\n<\/style>\n\t<\/div>\n\t\n\t\t<\/div>\n\t\t\t\t\n<style>\n#col-772972330 > .col-inner {\n  margin: 0px 0px -45px 0px;\n}\n<\/style>\n\t<\/div>\n\n\t\n\n\t<div id=\"col-823942038\" class=\"col medium-6 small-12 large-6\"  >\n\t\t\t\t<div class=\"col-inner text-center\"  >\n\t\t\t\n\t\t\t\n\t<div id=\"text-1806236209\" class=\"text\">\n\t\t\n<h2><strong><span style=\"font-size: 90%;\">Venue<\/span><\/strong><\/h2>\n\t\t\n<style>\n#text-1806236209 {\n  text-align: left;\n  color: rgb(0,0,0);\n}\n#text-1806236209 > * {\n  color: rgb(0,0,0);\n}\n<\/style>\n\t<\/div>\n\t\n\t<div id=\"text-497722630\" class=\"text\">\n\t\t\n<p class=\"p1\" style=\"text-align: justify;\"><span style=\"font-size: 90%;\">Istanbul Expo Center (IFM) is one of the most prominent exhibition venues in Istanbul, hosting national and international trade fairs with its central location, advanced infrastructure, and high organizational capacity. Thanks to its proximity to public transportation and major transportation routes, it offers easy and fast access for exhibitors and visitors.<\/span><\/p>\n\t\t\n<style>\n#text-497722630 {\n  color: rgb(0, 0, 0);\n}\n#text-497722630 > * {\n  color: rgb(0, 0, 0);\n}\n<\/style>\n\t<\/div>\n\t\n\t<div class=\"img has-hover x md-x lg-x y md-y lg-y\" id=\"image_1369575497\">\n\t\t\t\t\t\t\t\t<div class=\"img-inner dark\" >\n\t\t\t<img loading=\"lazy\" decoding=\"async\" width=\"537\" height=\"132\" src=\"https:\/\/www.istanbulkirtasiyefuari.com.tr\/wp-content\/uploads\/2026\/02\/ifm.jpg\" class=\"attachment-large size-large\" alt=\"\" srcset=\"https:\/\/www.istanbulkirtasiyefuari.com.tr\/wp-content\/uploads\/2026\/02\/ifm.jpg 537w, https:\/\/www.istanbulkirtasiyefuari.com.tr\/wp-content\/uploads\/2026\/02\/ifm-300x74.jpg 300w\" sizes=\"auto, (max-width: 537px) 100vw, 537px\" \/>\t\t\t\t\t\t\n\t\t\t\t\t<\/div>\n\t\t\t\t\t\t\t\t\n<style>\n#image_1369575497 {\n  width: 100%;\n}\n<\/style>\n\t<\/div>\n\t\n\t<div id=\"text-4085797319\" class=\"text\">\n\t\t\n<h2><span style=\"font-size: 90%;\"><strong>Exhibition Theme<\/strong><\/span><\/h2>\n\t\t\n<style>\n#text-4085797319 {\n  text-align: left;\n  color: rgb(0,0,0);\n}\n#text-4085797319 > * {\n  color: rgb(0,0,0);\n}\n<\/style>\n\t<\/div>\n\t\n\t<div id=\"text-2856013964\" class=\"text\">\n\t\t\n<p class=\"p1\" style=\"text-align: justify;\"><span style=\"font-size: 90%;\">It is an international trade fair showcasing stationery, office, and school products, including writing instruments, paper products, planners and notebooks, filing systems, art and hobby products, licensed and promotional items, innovative creative products, and educational materials. The fair aims to foster new business collaborations, export opportunities, and the sharing of current trends for industry stakeholders.<\/span><\/p>\n<p class=\"p1\" style=\"text-align: left;\"><span style=\"font-size: 90%;\">\u201cThe Istanbul Stationery Fair, organized by T\u00dcK\u0130D and TOBB affiliate 24 Saat Fuarc\u0131l\u0131k A.\u015e., will be held at the Istanbul Fair Center between April 15\u201318, 2026.\u201d<\/span><\/p>\n\t\t\n<style>\n#text-2856013964 {\n  color: rgb(0,0,0);\n}\n#text-2856013964 > * {\n  color: rgb(0,0,0);\n}\n<\/style>\n\t<\/div>\n\t\n\t\t<\/div>\n\t\t\t\t\n<style>\n#col-823942038 > .col-inner {\n  margin: 0px 0px -144px 0px;\n}\n<\/style>\n\t<\/div>\n\n\t\n<\/div>\n\t\t<\/div>\n\n\t\t\n<style>\n#section_290866506 {\n  padding-top: 30px;\n  padding-bottom: 30px;\n}\n<\/style>\n\t<\/section>\n\t\n\t<div id=\"gap-1019241122\" class=\"gap-element clearfix\" style=\"display:block; height:auto;\">\n\t\t\n<style>\n#gap-1019241122 {\n  padding-top: 30px;\n}\n<\/style>\n\t<\/div>\n\t\n\n\t<section class=\"section\" id=\"section_1225048870\">\n\t\t<div class=\"section-bg fill\" >\n\t\t\t\t\t\t\t\t\t\n\t\t\t\n\n\t\t<\/div>\n\n\t\t\n\n\t\t<div class=\"section-content relative\">\n\t\t\t\n<div class=\"row row-collapse\"  id=\"row-1685821503\">\n\n\t<div id=\"col-858803142\" class=\"col small-12 large-12\"  >\n\t\t\t\t<div class=\"col-inner\"  >\n\t\t\t\n\t\t\t\n\t<div class=\"img has-hover x md-x lg-x y md-y lg-y\" id=\"image_1514967675\">\n\t\t\t\t\t\t\t\t<div class=\"img-inner dark\" >\n\t\t\t<img loading=\"lazy\" decoding=\"async\" width=\"1020\" height=\"571\" src=\"https:\/\/www.istanbulkirtasiyefuari.com.tr\/wp-content\/uploads\/2026\/02\/Expo_map-1024x573.jpg\" class=\"attachment-large size-large\" alt=\"\" srcset=\"https:\/\/www.istanbulkirtasiyefuari.com.tr\/wp-content\/uploads\/2026\/02\/Expo_map-1024x573.jpg 1024w, https:\/\/www.istanbulkirtasiyefuari.com.tr\/wp-content\/uploads\/2026\/02\/Expo_map-300x168.jpg 300w, https:\/\/www.istanbulkirtasiyefuari.com.tr\/wp-content\/uploads\/2026\/02\/Expo_map-768x430.jpg 768w, https:\/\/www.istanbulkirtasiyefuari.com.tr\/wp-content\/uploads\/2026\/02\/Expo_map.jpg 1108w\" sizes=\"auto, (max-width: 1020px) 100vw, 1020px\" \/>\t\t\t\t\t\t\n\t\t\t\t\t<\/div>\n\t\t\t\t\t\t\t\t\n<style>\n#image_1514967675 {\n  width: 100%;\n}\n<\/style>\n\t<\/div>\n\t\n\t\t<\/div>\n\t\t\t\t\t<\/div>\n\n\t\n<\/div>\n\t\t<\/div>\n\n\t\t\n<style>\n#section_1225048870 {\n  padding-top: 0px;\n  padding-bottom: 0px;\n}\n<\/style>\n\t<\/section>\n\t\n\t<div id=\"gap-1226634677\" class=\"gap-element clearfix\" style=\"display:block; height:auto;\">\n\t\t\n<style>\n#gap-1226634677 {\n  padding-top: 30px;\n}\n<\/style>\n\t<\/div>\n\t\n","protected":false},"excerpt":{"rendered":"","protected":false},"author":1,"featured_media":0,"parent":0,"menu_order":0,"comment_status":"closed","ping_status":"closed","template":"page-blank.php","meta":{"_acf_changed":false,"footnotes":""},"class_list":["post-461","page","type-page","status-publish","hentry"],"acf":[],"_links":{"self":[{"href":"https:\/\/www.istanbulkirtasiyefuari.com.tr\/en\/wp-json\/wp\/v2\/pages\/461","targetHints":{"allow":["GET"]}}],"collection":[{"href":"https:\/\/www.istanbulkirtasiyefuari.com.tr\/en\/wp-json\/wp\/v2\/pages"}],"about":[{"href":"https:\/\/www.istanbulkirtasiyefuari.com.tr\/en\/wp-json\/wp\/v2\/types\/page"}],"author":[{"embeddable":true,"href":"https:\/\/www.istanbulkirtasiyefuari.com.tr\/en\/wp-json\/wp\/v2\/users\/1"}],"replies":[{"embeddable":true,"href":"https:\/\/www.istanbulkirtasiyefuari.com.tr\/en\/wp-json\/wp\/v2\/comments?post=461"}],"version-history":[{"count":17,"href":"https:\/\/www.istanbulkirtasiyefuari.com.tr\/en\/wp-json\/wp\/v2\/pages\/461\/revisions"}],"predecessor-version":[{"id":1628,"href":"https:\/\/www.istanbulkirtasiyefuari.com.tr\/en\/wp-json\/wp\/v2\/pages\/461\/revisions\/1628"}],"wp:attachment":[{"href":"https:\/\/www.istanbulkirtasiyefuari.com.tr\/en\/wp-json\/wp\/v2\/media?parent=461"}],"curies":[{"name":"wp","href":"https:\/\/api.w.org\/{rel}","templated":true}]}}