{"id":1899,"date":"2026-03-19T19:12:11","date_gmt":"2026-03-19T16:12:11","guid":{"rendered":"https:\/\/www.istanbulkirtasiyefuari.com.tr\/katilimci-profili\/"},"modified":"2026-04-03T13:24:44","modified_gmt":"2026-04-03T10:24:44","slug":"katilimci-profili","status":"publish","type":"page","link":"https:\/\/www.istanbulkirtasiyefuari.com.tr\/en\/katilimci-profili\/","title":{"rendered":"Exhibitors Profile"},"content":{"rendered":"\n\t<section class=\"section\" id=\"section_650730335\">\n\t\t<div class=\"section-bg fill\" >\n\t\t\t\t\t\t\t\t\t\n\t\t\t\n\n\t\t<\/div>\n\n\t\t\n\n\t\t<div class=\"section-content relative\">\n\t\t\t\n\t<div class=\"img has-hover show-for-medium hide-for-small x md-x lg-x y md-y lg-y\" id=\"image_1658618305\">\n\t\t\t\t\t\t\t\t<div class=\"img-inner image-cover dark\" style=\"padding-top:255px;\">\n\t\t\t<img loading=\"lazy\" decoding=\"async\" width=\"1484\" height=\"390\" src=\"https:\/\/www.istanbulkirtasiyefuari.com.tr\/wp-content\/uploads\/2026\/03\/katilimci_banner_d.jpg\" class=\"attachment-original size-original\" alt=\"\" srcset=\"https:\/\/www.istanbulkirtasiyefuari.com.tr\/wp-content\/uploads\/2026\/03\/katilimci_banner_d.jpg 1484w, https:\/\/www.istanbulkirtasiyefuari.com.tr\/wp-content\/uploads\/2026\/03\/katilimci_banner_d-300x79.jpg 300w, https:\/\/www.istanbulkirtasiyefuari.com.tr\/wp-content\/uploads\/2026\/03\/katilimci_banner_d-1024x269.jpg 1024w, https:\/\/www.istanbulkirtasiyefuari.com.tr\/wp-content\/uploads\/2026\/03\/katilimci_banner_d-768x202.jpg 768w\" sizes=\"auto, (max-width: 1484px) 100vw, 1484px\" \/>\t\t\t\t\t\t\n\t\t\t\t\t<\/div>\n\t\t\t\t\t\t\t\t\n<style>\n#image_1658618305 {\n  width: 100%;\n}\n@media (min-width:850px) {\n  #image_1658618305 {\n    width: 100%;\n  }\n}\n<\/style>\n\t<\/div>\n\t\n\t<div class=\"img has-hover hide-for-medium x md-x lg-x y md-y lg-y\" id=\"image_852646098\">\n\t\t\t\t\t\t\t\t<div class=\"img-inner image-cover dark\" style=\"padding-top:350px;\">\n\t\t\t<img loading=\"lazy\" decoding=\"async\" width=\"1484\" height=\"390\" src=\"https:\/\/www.istanbulkirtasiyefuari.com.tr\/wp-content\/uploads\/2026\/03\/katilimci_banner_d.jpg\" class=\"attachment-original size-original\" alt=\"\" srcset=\"https:\/\/www.istanbulkirtasiyefuari.com.tr\/wp-content\/uploads\/2026\/03\/katilimci_banner_d.jpg 1484w, https:\/\/www.istanbulkirtasiyefuari.com.tr\/wp-content\/uploads\/2026\/03\/katilimci_banner_d-300x79.jpg 300w, https:\/\/www.istanbulkirtasiyefuari.com.tr\/wp-content\/uploads\/2026\/03\/katilimci_banner_d-1024x269.jpg 1024w, https:\/\/www.istanbulkirtasiyefuari.com.tr\/wp-content\/uploads\/2026\/03\/katilimci_banner_d-768x202.jpg 768w\" sizes=\"auto, (max-width: 1484px) 100vw, 1484px\" \/>\t\t\t\t\t\t\n\t\t\t\t\t<\/div>\n\t\t\t\t\t\t\t\t\n<style>\n#image_852646098 {\n  width: 100%;\n}\n@media (min-width:850px) {\n  #image_852646098 {\n    width: 100%;\n  }\n}\n<\/style>\n\t<\/div>\n\t\n\t<div class=\"img has-hover show-for-small x md-x lg-x y md-y lg-y\" id=\"image_1509983985\">\n\t\t\t\t\t\t\t\t<div class=\"img-inner image-cover dark\" style=\"padding-top:130px;\">\n\t\t\t<img loading=\"lazy\" decoding=\"async\" width=\"800\" height=\"1000\" src=\"https:\/\/www.istanbulkirtasiyefuari.com.tr\/wp-content\/uploads\/2026\/03\/katilimci_m.jpg\" class=\"attachment-original size-original\" alt=\"\" srcset=\"https:\/\/www.istanbulkirtasiyefuari.com.tr\/wp-content\/uploads\/2026\/03\/katilimci_m.jpg 800w, https:\/\/www.istanbulkirtasiyefuari.com.tr\/wp-content\/uploads\/2026\/03\/katilimci_m-240x300.jpg 240w, https:\/\/www.istanbulkirtasiyefuari.com.tr\/wp-content\/uploads\/2026\/03\/katilimci_m-768x960.jpg 768w\" sizes=\"auto, (max-width: 800px) 100vw, 800px\" \/>\t\t\t\t\t\t\n\t\t\t\t\t<\/div>\n\t\t\t\t\t\t\t\t\n<style>\n#image_1509983985 {\n  width: 100%;\n}\n@media (min-width:550px) {\n  #image_1509983985 {\n    width: 30%;\n  }\n}\n<\/style>\n\t<\/div>\n\t\n\t\t<\/div>\n\n\t\t\n<style>\n#section_650730335 {\n  padding-top: 0px;\n  padding-bottom: 0px;\n}\n<\/style>\n\t<\/section>\n\t\n\n\t<section class=\"section\" id=\"section_920087007\">\n\t\t<div class=\"section-bg fill\" >\n\t\t\t\t\t\t\t\t\t\n\t\t\t\n\n\t\t<\/div>\n\n\t\t\n\n\t\t<div class=\"section-content relative\">\n\t\t\t\n<div class=\"row row-collapse align-equal\"  id=\"row-1097852843\">\n\n\t<div id=\"col-310696672\" class=\"col small-12 large-12\"  >\n\t\t\t\t<div class=\"col-inner\"  >\n\t\t\t\n\t\t\t\n<div class=\"vps-showcase-header-main\">\n<div class=\"vps-shortcode-box\">        <section id=\"vps-1\" class=\"vps-showcase vps-showcase--text-left\" data-mode=\"hover\" style=\"--vps-image-height:650px; --vps-item-font-size:18px;\">\n            <div class=\"vps-showcase__grid\">\n                <div class=\"vps-showcase__content\">\n                                        <div class=\"vps-showcase__description\"><p>K\u0131rtasiye sekt\u00f6r\u00fcyle temas etti\u011finiz her noktada, bu fuar size do\u011frudan kar\u015f\u0131l\u0131k verir. Yeni \u00fcr\u00fcnleri g\u00f6rmek, markalarla tan\u0131\u015fmak ya da sekt\u00f6rdeki y\u00f6nelimleri takip etmek isteyen herkes i\u00e7in ayn\u0131 \u00e7at\u0131 alt\u0131nda g\u00fc\u00e7l\u00fc bir deneyim sunar.<\/p><\/div>                    <ul class=\"vps-showcase__list\" role=\"tablist\">\n                                                    <li class=\"vps-showcase__list-item\" style=\"--item-line-color:#000000;\">\n                                <button class=\"vps-showcase__trigger is-active\" type=\"button\" data-image=\"https:\/\/www.istanbulkirtasiyefuari.com.tr\/wp-content\/uploads\/2026\/03\/k001.jpg\" data-title=\"Stationery and Office Supplies Manufacturers\" data-description=\"\" aria-selected=\"true\">\n                                    <span class=\"vps-showcase__bullet\">+<\/span>\n                                    <span class=\"vps-showcase__text\">Stationery and Office Supplies Manufacturers<\/span>\n                                <\/button>\n                            <\/li>\n                                                    <li class=\"vps-showcase__list-item\" style=\"--item-line-color:#000000;\">\n                                <button class=\"vps-showcase__trigger\" type=\"button\" data-image=\"https:\/\/www.istanbulkirtasiyefuari.com.tr\/wp-content\/uploads\/2026\/03\/k002.jpg\" data-title=\"School and Educational Products Brands\" data-description=\"\" aria-selected=\"false\">\n                                    <span class=\"vps-showcase__bullet\">+<\/span>\n                                    <span class=\"vps-showcase__text\">School and Educational Products Brands<\/span>\n                                <\/button>\n                            <\/li>\n                                                    <li class=\"vps-showcase__list-item\" style=\"--item-line-color:#000000;\">\n                                <button class=\"vps-showcase__trigger\" type=\"button\" data-image=\"https:\/\/www.istanbulkirtasiyefuari.com.tr\/wp-content\/uploads\/2026\/03\/k003.jpg\" data-title=\"Notebook, Planner, Paper and Writing Instruments Manufacturers\" data-description=\"\" aria-selected=\"false\">\n                                    <span class=\"vps-showcase__bullet\">+<\/span>\n                                    <span class=\"vps-showcase__text\">Notebook, Planner, Paper and Writing Instruments Manufacturers<\/span>\n                                <\/button>\n                            <\/li>\n                                                    <li class=\"vps-showcase__list-item\" style=\"--item-line-color:#000000;\">\n                                <button class=\"vps-showcase__trigger\" type=\"button\" data-image=\"https:\/\/www.istanbulkirtasiyefuari.com.tr\/wp-content\/uploads\/2026\/03\/k004.jpg\" data-title=\"Arts, Crafts and Creative Product Brands\" data-description=\"\" aria-selected=\"false\">\n                                    <span class=\"vps-showcase__bullet\">+<\/span>\n                                    <span class=\"vps-showcase__text\">Arts, Crafts and Creative Product Brands<\/span>\n                                <\/button>\n                            <\/li>\n                                                    <li class=\"vps-showcase__list-item\" style=\"--item-line-color:#000000;\">\n                                <button class=\"vps-showcase__trigger\" type=\"button\" data-image=\"https:\/\/www.istanbulkirtasiyefuari.com.tr\/wp-content\/uploads\/2026\/03\/k005.jpg\" data-title=\"Licensed and Themed Stationery Manufacturers\" data-description=\"\" aria-selected=\"false\">\n                                    <span class=\"vps-showcase__bullet\">+<\/span>\n                                    <span class=\"vps-showcase__text\">Licensed and Themed Stationery Manufacturers<\/span>\n                                <\/button>\n                            <\/li>\n                                                    <li class=\"vps-showcase__list-item\" style=\"--item-line-color:#000000;\">\n                                <button class=\"vps-showcase__trigger\" type=\"button\" data-image=\"https:\/\/www.istanbulkirtasiyefuari.com.tr\/wp-content\/uploads\/2026\/03\/k006.jpg\" data-title=\"Promotional and Corporate Gift Companies\" data-description=\"\" aria-selected=\"false\">\n                                    <span class=\"vps-showcase__bullet\">+<\/span>\n                                    <span class=\"vps-showcase__text\">Promotional and Corporate Gift Companies<\/span>\n                                <\/button>\n                            <\/li>\n                                                    <li class=\"vps-showcase__list-item\" style=\"--item-line-color:#000000;\">\n                                <button class=\"vps-showcase__trigger\" type=\"button\" data-image=\"https:\/\/www.istanbulkirtasiyefuari.com.tr\/wp-content\/uploads\/2026\/03\/k007.jpg\" data-title=\"Importer and Exporter Companies\" data-description=\"\" aria-selected=\"false\">\n                                    <span class=\"vps-showcase__bullet\">+<\/span>\n                                    <span class=\"vps-showcase__text\">Importer and Exporter Companies<\/span>\n                                <\/button>\n                            <\/li>\n                                                    <li class=\"vps-showcase__list-item\" style=\"--item-line-color:#000000;\">\n                                <button class=\"vps-showcase__trigger\" type=\"button\" data-image=\"https:\/\/www.istanbulkirtasiyefuari.com.tr\/wp-content\/uploads\/2026\/03\/k008.jpg\" data-title=\"Custom Design and Boutique Brand Owners\" data-description=\"\" aria-selected=\"false\">\n                                    <span class=\"vps-showcase__bullet\">+<\/span>\n                                    <span class=\"vps-showcase__text\">Custom Design and Boutique Brand Owners<\/span>\n                                <\/button>\n                            <\/li>\n                                                    <li class=\"vps-showcase__list-item\" style=\"--item-line-color:#000000;\">\n                                <button class=\"vps-showcase__trigger\" type=\"button\" data-image=\"https:\/\/www.istanbulkirtasiyefuari.com.tr\/wp-content\/uploads\/2026\/03\/k009.jpg\" data-title=\"Toy and Educational Game Manufacturers\" data-description=\"\" aria-selected=\"false\">\n                                    <span class=\"vps-showcase__bullet\">+<\/span>\n                                    <span class=\"vps-showcase__text\">Toy and Educational Game Manufacturers<\/span>\n                                <\/button>\n                            <\/li>\n                                            <\/ul>\n                <\/div>\n                <div class=\"vps-showcase__media\">\n                    <div class=\"vps-showcase__image-wrap\">\n                                                    <img decoding=\"async\" class=\"vps-showcase__image\" src=\"https:\/\/www.istanbulkirtasiyefuari.com.tr\/wp-content\/uploads\/2026\/03\/k001.jpg\" alt=\"Stationery and Office Supplies Manufacturers\" loading=\"eager\">\n                                            <\/div>\n                    <div class=\"vps-showcase__caption\">\n                        <div class=\"vps-showcase__caption-title\">Stationery and Office Supplies Manufacturers<\/div>\n                                            <\/div>\n                <\/div>\n            <\/div>\n        <\/section>\n        <\/div>\n<\/div>\n\t\t<\/div>\n\t\t\t\t\t<\/div>\n\n\t\n<\/div>\n\t\t<\/div>\n\n\t\t\n<style>\n#section_920087007 {\n  padding-top: 30px;\n  padding-bottom: 30px;\n}\n<\/style>\n\t<\/section>\n\t\n\n\t<section class=\"section\" id=\"section_2002804911\">\n\t\t<div class=\"section-bg fill\" >\n\t\t\t\t\t\t\t\t\t\n\t\t\t\n\n\t\t<\/div>\n\n\t\t\n\n\t\t<div class=\"section-content relative\">\n\t\t\t\n<div class=\"row row-collapse align-equal\"  id=\"row-551881780\">\n\n\t<div id=\"col-2136827169\" class=\"col small-12 large-12\"  >\n\t\t\t\t<div class=\"col-inner\"  >\n\t\t\t\n\t\t\t\n<div class=\"vps-showcase-header-main\">\n<div class=\"vps-shortcode-box\">        <section id=\"vps-2\" class=\"vps-showcase vps-showcase--image-left\" data-mode=\"hover\" style=\"--vps-image-height:650px; --vps-item-font-size:18px;\">\n            <div class=\"vps-showcase__grid\">\n                <div class=\"vps-showcase__content\">\n                                        <div class=\"vps-showcase__description\"><p>Bu alan hover veya t\u0131klama ile g\u00f6rsel de\u011fi\u015ftiren esnek bir vitrin yap\u0131s\u0131 sunar.<\/p><\/div>                    <ul class=\"vps-showcase__list\" role=\"tablist\">\n                                                    <li class=\"vps-showcase__list-item\" style=\"--item-line-color:#000000;\">\n                                <button class=\"vps-showcase__trigger is-active\" type=\"button\" data-image=\"https:\/\/www.istanbulkirtasiyefuari.com.tr\/wp-content\/uploads\/2026\/03\/s001.jpg\" data-title=\"Early Access to New Products\" data-description=\"\" aria-selected=\"true\">\n                                    <span class=\"vps-showcase__bullet\">+<\/span>\n                                    <span class=\"vps-showcase__text\">Early Access to New Products<\/span>\n                                <\/button>\n                            <\/li>\n                                                    <li class=\"vps-showcase__list-item\" style=\"--item-line-color:#000000;\">\n                                <button class=\"vps-showcase__trigger\" type=\"button\" data-image=\"https:\/\/www.istanbulkirtasiyefuari.com.tr\/wp-content\/uploads\/2026\/03\/s002.jpg\" data-title=\"Price Comparison and Bulk Purchasing Opportunities\" data-description=\"\" aria-selected=\"false\">\n                                    <span class=\"vps-showcase__bullet\">+<\/span>\n                                    <span class=\"vps-showcase__text\">Price Comparison and Bulk Purchasing Opportunities<\/span>\n                                <\/button>\n                            <\/li>\n                                                    <li class=\"vps-showcase__list-item\" style=\"--item-line-color:#000000;\">\n                                <button class=\"vps-showcase__trigger\" type=\"button\" data-image=\"https:\/\/www.istanbulkirtasiyefuari.com.tr\/wp-content\/uploads\/2026\/03\/s003.jpg\" data-title=\"Supplier and Brand Networking Opportunities\" data-description=\"\" aria-selected=\"false\">\n                                    <span class=\"vps-showcase__bullet\">+<\/span>\n                                    <span class=\"vps-showcase__text\">Supplier and Brand Networking Opportunities<\/span>\n                                <\/button>\n                            <\/li>\n                                                    <li class=\"vps-showcase__list-item\" style=\"--item-line-color:#000000;\">\n                                <button class=\"vps-showcase__trigger\" type=\"button\" data-image=\"https:\/\/www.istanbulkirtasiyefuari.com.tr\/wp-content\/uploads\/2026\/03\/s004.jpg\" data-title=\"Direct Face-to-Face Meetings with Buyers\" data-description=\"\" aria-selected=\"false\">\n                                    <span class=\"vps-showcase__bullet\">+<\/span>\n                                    <span class=\"vps-showcase__text\">Direct Face-to-Face Meetings with Buyers<\/span>\n                                <\/button>\n                            <\/li>\n                                                    <li class=\"vps-showcase__list-item\" style=\"--item-line-color:#000000;\">\n                                <button class=\"vps-showcase__trigger\" type=\"button\" data-image=\"https:\/\/www.istanbulkirtasiyefuari.com.tr\/wp-content\/uploads\/2026\/03\/s005.jpg\" data-title=\"Access to Launches and Trend Zones\" data-description=\"\" aria-selected=\"false\">\n                                    <span class=\"vps-showcase__bullet\">+<\/span>\n                                    <span class=\"vps-showcase__text\">Access to Launches and Trend Zones<\/span>\n                                <\/button>\n                            <\/li>\n                                                    <li class=\"vps-showcase__list-item\" style=\"--item-line-color:#000000;\">\n                                <button class=\"vps-showcase__trigger\" type=\"button\" data-image=\"https:\/\/www.istanbulkirtasiyefuari.com.tr\/wp-content\/uploads\/2026\/03\/s006.jpg\" data-title=\"Increasing Brand Visibility on a Global Scale\" data-description=\"\" aria-selected=\"false\">\n                                    <span class=\"vps-showcase__bullet\">+<\/span>\n                                    <span class=\"vps-showcase__text\">Increasing Brand Visibility on a Global Scale<\/span>\n                                <\/button>\n                            <\/li>\n                                            <\/ul>\n                <\/div>\n                <div class=\"vps-showcase__media\">\n                    <div class=\"vps-showcase__image-wrap\">\n                                                    <img decoding=\"async\" class=\"vps-showcase__image\" src=\"https:\/\/www.istanbulkirtasiyefuari.com.tr\/wp-content\/uploads\/2026\/03\/s001.jpg\" alt=\"Early Access to New Products\" loading=\"eager\">\n                                            <\/div>\n                    <div class=\"vps-showcase__caption\">\n                        <div class=\"vps-showcase__caption-title\">Early Access to New Products<\/div>\n                                            <\/div>\n                <\/div>\n            <\/div>\n        <\/section>\n        <\/div>\n<\/div>\n\t\t<\/div>\n\t\t\t\t\t<\/div>\n\n\t\n<\/div>\n\t\t<\/div>\n\n\t\t\n<style>\n#section_2002804911 {\n  padding-top: 30px;\n  padding-bottom: 30px;\n}\n<\/style>\n\t<\/section>\n\t\n","protected":false},"excerpt":{"rendered":"","protected":false},"author":1,"featured_media":0,"parent":0,"menu_order":0,"comment_status":"closed","ping_status":"closed","template":"page-blank.php","meta":{"_acf_changed":false,"footnotes":""},"class_list":["post-1899","page","type-page","status-publish","hentry"],"acf":[],"_links":{"self":[{"href":"https:\/\/www.istanbulkirtasiyefuari.com.tr\/en\/wp-json\/wp\/v2\/pages\/1899","targetHints":{"allow":["GET"]}}],"collection":[{"href":"https:\/\/www.istanbulkirtasiyefuari.com.tr\/en\/wp-json\/wp\/v2\/pages"}],"about":[{"href":"https:\/\/www.istanbulkirtasiyefuari.com.tr\/en\/wp-json\/wp\/v2\/types\/page"}],"author":[{"embeddable":true,"href":"https:\/\/www.istanbulkirtasiyefuari.com.tr\/en\/wp-json\/wp\/v2\/users\/1"}],"replies":[{"embeddable":true,"href":"https:\/\/www.istanbulkirtasiyefuari.com.tr\/en\/wp-json\/wp\/v2\/comments?post=1899"}],"version-history":[{"count":10,"href":"https:\/\/www.istanbulkirtasiyefuari.com.tr\/en\/wp-json\/wp\/v2\/pages\/1899\/revisions"}],"predecessor-version":[{"id":1912,"href":"https:\/\/www.istanbulkirtasiyefuari.com.tr\/en\/wp-json\/wp\/v2\/pages\/1899\/revisions\/1912"}],"wp:attachment":[{"href":"https:\/\/www.istanbulkirtasiyefuari.com.tr\/en\/wp-json\/wp\/v2\/media?parent=1899"}],"curies":[{"name":"wp","href":"https:\/\/api.w.org\/{rel}","templated":true}]}}